{"id":1857,"date":"2015-02-23T13:02:54","date_gmt":"2015-02-23T12:02:54","guid":{"rendered":"http:\/\/www.l-plan.si\/izdelek\/orodna-jekla-v-praksi-2-2\/"},"modified":"2015-07-07T13:23:13","modified_gmt":"2015-07-07T12:23:13","slug":"orodna-jekla-v-praksi-2","status":"publish","type":"product","link":"https:\/\/www.l-plan.si\/en\/izdelek\/orodna-jekla-v-praksi-2\/","title":{"rendered":"ORODNA JEKLA V PRAKSI"},"content":{"rendered":"<p style=\"text-align: justify;\">Pri izdelavi in uporabi orodja so prisotne razli\u010dne zahteve in mnenja glede primernih materialov kot tudi trdot. Z razvojem industrije nastajajo razli\u010dni osnutki in interni standardi. Le-ti slu\u017eijo kot napotilo tehnologom, konstruktorjem in drugim, ki nimajo opravka z orodnimi jekli. Podatke alternative glede dimenzij in kvalitet obi\u010dajno podajo tudi proizvajalci jekla in tako dobimo usmeritve, katero jeklo uporabiti za posamezna orodja in kak\u0161ne so \u017eelene trdote.<\/p>\n","protected":false},"excerpt":{"rendered":"<p><span style=\"color: #000000;\">Pri izdelavi in uporabi orodja so prisotne razli\u010dne zahteve in mnenja glede primernih materialov kot tudi trdot. Z razvojem industrije nastajajo razli\u010dni osnutki in interni standardi. Le-ti slu\u017eijo kot napotilo tehnologom, konstruktorjem in drugim, ki nimajo opravka z orodnimi jekli. Podatke alternative glede dimenzij in kvalitet obi\u010dajno podajo tudi proizvajalci jekla in tako dobimo usmeritve, katero jeklo uporabiti za posamezna orodja in kak\u0161ne so \u017eelene trdote. <\/span><\/p>\n","protected":false},"featured_media":0,"comment_status":"closed","ping_status":"closed","template":"","meta":[],"product_cat":[25],"product_tag":[],"aioseo_notices":[],"_links":{"self":[{"href":"https:\/\/www.l-plan.si\/en\/wp-json\/wp\/v2\/product\/1857"}],"collection":[{"href":"https:\/\/www.l-plan.si\/en\/wp-json\/wp\/v2\/product"}],"about":[{"href":"https:\/\/www.l-plan.si\/en\/wp-json\/wp\/v2\/types\/product"}],"replies":[{"embeddable":true,"href":"https:\/\/www.l-plan.si\/en\/wp-json\/wp\/v2\/comments?post=1857"}],"wp:attachment":[{"href":"https:\/\/www.l-plan.si\/en\/wp-json\/wp\/v2\/media?parent=1857"}],"wp:term":[{"taxonomy":"product_cat","embeddable":true,"href":"https:\/\/www.l-plan.si\/en\/wp-json\/wp\/v2\/product_cat?post=1857"},{"taxonomy":"product_tag","embeddable":true,"href":"https:\/\/www.l-plan.si\/en\/wp-json\/wp\/v2\/product_tag?post=1857"}],"curies":[{"name":"wp","href":"https:\/\/api.w.org\/{rel}","templated":true}]}}