{"id":1868,"date":"2015-02-23T13:01:17","date_gmt":"2015-02-23T12:01:17","guid":{"rendered":"http:\/\/www.l-plan.si\/izdelek\/vodikova-krhkost-2\/"},"modified":"2015-07-07T13:20:30","modified_gmt":"2015-07-07T12:20:30","slug":"vodikova-krhkost","status":"publish","type":"product","link":"https:\/\/www.l-plan.si\/en\/izdelek\/vodikova-krhkost\/","title":{"rendered":"VODIKOVA KRHKOST"},"content":{"rendered":"<p style=\"text-align: justify;\">V zadnjem \u010dasu se pri pobolj\u0161anih in povr\u0161insko protikorozijsko obdelanih izdelkih sre\u010dujemo s posebnimi lomi in po\u0161kodbami, ki so posledica delovanja vodika v kovinah. Tovrstne po\u0161kodbe se manifestirajo v specifi\u010dnih zlitinah ali dolo\u010denih skupinah zlitin v razli\u010dnih oblikah kot so:<\/p>\n<ul>\n<li>krhko pokanje,<\/li>\n<li>upadanje duktilnosti,<\/li>\n<li>mehurjavost in<\/li>\n<li>nastajanje hidridov.<\/li>\n<\/ul>\n","protected":false},"excerpt":{"rendered":"<p>V zadnjem \u010dasu se pri pobolj\u0161anih in povr\u0161insko protikorozijsko obdelanih izdelkih sre\u010dujemo s posebnimi lomi in po\u0161kodbami, ki so posledica delovanja vodika v kovinah. Tovrstne po\u0161kodbe se manifestirajo v specifi\u010dnih zlitinah ali dolo\u010denih skupinah zlitin v razli\u010dnih oblikah kot so:<\/p>\n<ul>\n<li>krhko pokanje,<\/li>\n<li>upadanje duktilnosti,<\/li>\n<li>mehurjavost in<\/li>\n<li>nastajanje hidridov.<\/li>\n<\/ul>\n","protected":false},"featured_media":1797,"comment_status":"closed","ping_status":"closed","template":"","meta":[],"product_cat":[25],"product_tag":[],"aioseo_notices":[],"_links":{"self":[{"href":"https:\/\/www.l-plan.si\/en\/wp-json\/wp\/v2\/product\/1868"}],"collection":[{"href":"https:\/\/www.l-plan.si\/en\/wp-json\/wp\/v2\/product"}],"about":[{"href":"https:\/\/www.l-plan.si\/en\/wp-json\/wp\/v2\/types\/product"}],"replies":[{"embeddable":true,"href":"https:\/\/www.l-plan.si\/en\/wp-json\/wp\/v2\/comments?post=1868"}],"wp:featuredmedia":[{"embeddable":true,"href":"https:\/\/www.l-plan.si\/en\/wp-json\/wp\/v2\/media\/1797"}],"wp:attachment":[{"href":"https:\/\/www.l-plan.si\/en\/wp-json\/wp\/v2\/media?parent=1868"}],"wp:term":[{"taxonomy":"product_cat","embeddable":true,"href":"https:\/\/www.l-plan.si\/en\/wp-json\/wp\/v2\/product_cat?post=1868"},{"taxonomy":"product_tag","embeddable":true,"href":"https:\/\/www.l-plan.si\/en\/wp-json\/wp\/v2\/product_tag?post=1868"}],"curies":[{"name":"wp","href":"https:\/\/api.w.org\/{rel}","templated":true}]}}