{"id":1869,"date":"2015-02-23T12:59:20","date_gmt":"2015-02-23T11:59:20","guid":{"rendered":"http:\/\/www.l-plan.si\/izdelek\/uporabni-podatki-jekel-2\/"},"modified":"2015-07-07T13:21:10","modified_gmt":"2015-07-07T12:21:10","slug":"uporabni-podatki-jekel","status":"publish","type":"product","link":"https:\/\/www.l-plan.si\/en\/izdelek\/uporabni-podatki-jekel\/","title":{"rendered":"UPORABNI PODATKI JEKEL"},"content":{"rendered":"<p>V knji\u017eici so zbrani najbolj pomembni podatki za jekla, ki jih pri vsakdanjem delu v praksi najve\u010dkrat sre\u010damo.<\/p>\n<p><strong>Priro\u010dnik vsebuje:<\/strong><\/p>\n<ul>\n<li>Navadna jekla<\/li>\n<li>Jekla za pobolj\u0161anje<\/li>\n<li>Jekla za cementacijo<\/li>\n<li>Navadna jekla odporna proti staranju<\/li>\n<li>Jekla za verige in za varjenje<\/li>\n<li>Orodna ogljikova jekla<\/li>\n<li>Legirana orodja za delo v hladnem<\/li>\n<li>Legirana orodja za delo v vro\u010dem<\/li>\n<li>Brzorezna jekla<\/li>\n<\/ul>\n","protected":false},"excerpt":{"rendered":"<p>V knji\u017eici so zbrani najbolj pomembni podatki za jekla, ki jih pri vsakdanjem delu v praksi najve\u010dkrat sre\u010damo.<\/p>\n<p><strong>Priro\u010dnik vsebuje:<\/strong><\/p>\n<ul>\n<li>Navadna jekla<\/li>\n<li>Jekla za pobolj\u0161anje<\/li>\n<li>Jekla za cementacijo<\/li>\n<li>Navadna jekla odporna proti staranju<\/li>\n<li>Jekla za verige in za varjenje<\/li>\n<li>Orodna ogljikova jekla<\/li>\n<li>Legirana orodja za delo v hladnem<\/li>\n<li>Legirana orodja za delo v vro\u010dem<\/li>\n<li>Brzorezna jekla<\/li>\n<\/ul>\n","protected":false},"featured_media":1795,"comment_status":"closed","ping_status":"closed","template":"","meta":[],"product_cat":[25],"product_tag":[],"aioseo_notices":[],"_links":{"self":[{"href":"https:\/\/www.l-plan.si\/en\/wp-json\/wp\/v2\/product\/1869"}],"collection":[{"href":"https:\/\/www.l-plan.si\/en\/wp-json\/wp\/v2\/product"}],"about":[{"href":"https:\/\/www.l-plan.si\/en\/wp-json\/wp\/v2\/types\/product"}],"replies":[{"embeddable":true,"href":"https:\/\/www.l-plan.si\/en\/wp-json\/wp\/v2\/comments?post=1869"}],"wp:featuredmedia":[{"embeddable":true,"href":"https:\/\/www.l-plan.si\/en\/wp-json\/wp\/v2\/media\/1795"}],"wp:attachment":[{"href":"https:\/\/www.l-plan.si\/en\/wp-json\/wp\/v2\/media?parent=1869"}],"wp:term":[{"taxonomy":"product_cat","embeddable":true,"href":"https:\/\/www.l-plan.si\/en\/wp-json\/wp\/v2\/product_cat?post=1869"},{"taxonomy":"product_tag","embeddable":true,"href":"https:\/\/www.l-plan.si\/en\/wp-json\/wp\/v2\/product_tag?post=1869"}],"curies":[{"name":"wp","href":"https:\/\/api.w.org\/{rel}","templated":true}]}}