{"id":1870,"date":"2015-02-23T12:56:46","date_gmt":"2015-02-23T11:56:46","guid":{"rendered":"http:\/\/www.l-plan.si\/izdelek\/atlas-napak-pri-jeklu-2\/"},"modified":"2015-07-07T13:21:41","modified_gmt":"2015-07-07T12:21:41","slug":"atlas-napak-pri-jeklu","status":"publish","type":"product","link":"https:\/\/www.l-plan.si\/en\/izdelek\/atlas-napak-pri-jeklu\/","title":{"rendered":"ATLAS NAPAK PRI JEKLU"},"content":{"rendered":"<p style=\"text-align: justify;\">V atlasu so prikazani primeri napak pri jeklu v slikah. Primeri so razporejeni v ve\u010dje sklope, ki obravnavajo povr\u0161inske napake, notranje napake, odstopanja v merah in oblikah, strukturne in druge napake, ki spremljajo vro\u010de valjano, hladno valjano in vle\u010deno jeklo. Prikazane so tudi napake kova\u0161kih tehnologij, varjenja in drugih predelav.<\/p>\n<p style=\"text-align: justify;\"><strong>Napake so prikazane na raznovrstnih polizdelkih kot so:<\/strong><\/p>\n<ul>\n<li>konti liti in toplo valjani polizdelki,<\/li>\n<li>palice, jekleni profili in valjana \u017eica,<\/li>\n<li>prosti stiskanci in kovanci v utopih,<\/li>\n<li>debela plo\u010devina, tra\u010dno jeklo,<\/li>\n<li>jekleni tanki profili, vle\u010dena \u017eica,<\/li>\n<li>jeklene cevi in varjeni izdelki.<\/li>\n<\/ul>\n","protected":false},"excerpt":{"rendered":"<p>V atlasu so prikazani primeri napak pri jeklu v slikah. Primeri so razporejeni v ve\u010dje sklope, ki obravnavajo povr\u0161inske napake, notranje napake, odstopanja v merah in oblikah, strukturne in druge napake, ki spremljajo vro\u010de valjano, hladno valjano in vle\u010deno jeklo. Prikazane so tudi napake kova\u0161kih tehnologij, varjenja in drugih predelav<\/p>\n","protected":false},"featured_media":1793,"comment_status":"closed","ping_status":"closed","template":"","meta":[],"product_cat":[25],"product_tag":[],"aioseo_notices":[],"_links":{"self":[{"href":"https:\/\/www.l-plan.si\/en\/wp-json\/wp\/v2\/product\/1870"}],"collection":[{"href":"https:\/\/www.l-plan.si\/en\/wp-json\/wp\/v2\/product"}],"about":[{"href":"https:\/\/www.l-plan.si\/en\/wp-json\/wp\/v2\/types\/product"}],"replies":[{"embeddable":true,"href":"https:\/\/www.l-plan.si\/en\/wp-json\/wp\/v2\/comments?post=1870"}],"wp:featuredmedia":[{"embeddable":true,"href":"https:\/\/www.l-plan.si\/en\/wp-json\/wp\/v2\/media\/1793"}],"wp:attachment":[{"href":"https:\/\/www.l-plan.si\/en\/wp-json\/wp\/v2\/media?parent=1870"}],"wp:term":[{"taxonomy":"product_cat","embeddable":true,"href":"https:\/\/www.l-plan.si\/en\/wp-json\/wp\/v2\/product_cat?post=1870"},{"taxonomy":"product_tag","embeddable":true,"href":"https:\/\/www.l-plan.si\/en\/wp-json\/wp\/v2\/product_tag?post=1870"}],"curies":[{"name":"wp","href":"https:\/\/api.w.org\/{rel}","templated":true}]}}