{"id":1962,"date":"2015-07-07T13:29:37","date_gmt":"2015-07-07T12:29:37","guid":{"rendered":"http:\/\/www.l-plan.si\/?post_type=product&#038;p=1962"},"modified":"2015-07-07T13:30:24","modified_gmt":"2015-07-07T12:30:24","slug":"prirocnik-za-kovace","status":"publish","type":"product","link":"https:\/\/www.l-plan.si\/en\/izdelek\/prirocnik-za-kovace\/","title":{"rendered":"PRIRO\u010cNIK ZA KOVA\u010cE"},"content":{"rendered":"<p>Ker take slovenske literature nimamo, sem zbral razli\u010dne tehnolo\u0161ke postopke iz prakse in jih podprl s teoreti\u010dnimi razlagami. Knji\u017eica vsebuje podro\u010dje toplega kovanja in hladnega stiskanja z dodatki o spremembah struktur, mehanskih in tehnolo\u0161kih lastnosti.<br \/>\nNakazane so tudi mo\u017enosti raznih napak kovanja, ustrezne re\u0161itve in popravila. Potreben poudarek je na pripravi jekla, valjane \u017eice, gredic ali palic, ki so kot osnovni material zelo pomembni. Tudi povr\u0161inske napake so opisane posebej ter kontrolni preizkusi, ki dolo\u010dajo ustrezno uporabo.<br \/>\nPomembna pa je tudi za\u0161\u010dita povr\u0161ine izdelkov po kon\u010danih operacijah.<br \/>\nKnji\u017eica je s svojimi podatki uporabna za projektante, tehnologe in za mojstre v proizvodnih delavnicah. <\/p>\n","protected":false},"excerpt":{"rendered":"<p>Ker take slovenske literature nimamo, sem zbral razli\u010dne tehnolo\u0161ke postopke iz prakse in jih podprl s teoreti\u010dnimi razlagami. Knji\u017eica vsebuje podro\u010dje toplega kovanja in hladnega stiskanja z dodatki o spremembah struktur, mehanskih in tehnolo\u0161kih lastnosti.<br \/>\nNakazane so tudi mo\u017enosti raznih napak kovanja, ustrezne re\u0161itve in popravila. Potreben poudarek je na pripravi jekla, valjane \u017eice, gredic ali palic, ki so kot osnovni material zelo pomembni. Tudi povr\u0161inske napake so opisane posebej ter kontrolni preizkusi, ki dolo\u010dajo ustrezno uporabo.<br \/>\nPomembna pa je tudi za\u0161\u010dita povr\u0161ine izdelkov po kon\u010danih operacijah.<br \/>\nKnji\u017eica je s svojimi podatki uporabna za projektante, tehnologe in za mojstre v proizvodnih delavnicah. <\/p>\n","protected":false},"featured_media":1964,"comment_status":"closed","ping_status":"closed","template":"","meta":[],"product_cat":[25],"product_tag":[],"aioseo_notices":[],"_links":{"self":[{"href":"https:\/\/www.l-plan.si\/en\/wp-json\/wp\/v2\/product\/1962"}],"collection":[{"href":"https:\/\/www.l-plan.si\/en\/wp-json\/wp\/v2\/product"}],"about":[{"href":"https:\/\/www.l-plan.si\/en\/wp-json\/wp\/v2\/types\/product"}],"replies":[{"embeddable":true,"href":"https:\/\/www.l-plan.si\/en\/wp-json\/wp\/v2\/comments?post=1962"}],"wp:featuredmedia":[{"embeddable":true,"href":"https:\/\/www.l-plan.si\/en\/wp-json\/wp\/v2\/media\/1964"}],"wp:attachment":[{"href":"https:\/\/www.l-plan.si\/en\/wp-json\/wp\/v2\/media?parent=1962"}],"wp:term":[{"taxonomy":"product_cat","embeddable":true,"href":"https:\/\/www.l-plan.si\/en\/wp-json\/wp\/v2\/product_cat?post=1962"},{"taxonomy":"product_tag","embeddable":true,"href":"https:\/\/www.l-plan.si\/en\/wp-json\/wp\/v2\/product_tag?post=1962"}],"curies":[{"name":"wp","href":"https:\/\/api.w.org\/{rel}","templated":true}]}}