{"id":1974,"date":"2015-07-07T13:41:24","date_gmt":"2015-07-07T12:41:24","guid":{"rendered":"http:\/\/www.l-plan.si\/?post_type=product&#038;p=1974"},"modified":"2015-07-07T13:41:49","modified_gmt":"2015-07-07T12:41:49","slug":"litine-zeleza-in-barvnih-kovin","status":"publish","type":"product","link":"https:\/\/www.l-plan.si\/en\/izdelek\/litine-zeleza-in-barvnih-kovin\/","title":{"rendered":"LITINE \u017dELEZA IN BARVNIH KOVIN"},"content":{"rendered":"<p>Pri izdelavi strojnih delov in sploh pri strojegradnji zelo pogosto sre\u010damo poleg kovanih in valjanih kovinskih materialih tudi razne izdelke iz litine. Pri tem mislimo tako na odlitke sivega \u017eeleza, jekla kot tudi na odlitke barvnih kovin. Ker te literature v na\u0161i slovenski ponudbi ne najdemo prav pogosto, ali pa so podatki v malih priro\u010dnikih nepopolni, sem zbral nekaj najbolj potrebnih razlag in diagramov po tuji literaturi in doma\u010de prakse. Knji\u017eica nam nudi nekaj najbolj pogostih prakti\u010dnih re\u0161itev, ki so navedene v nekoliko bolj enostavni varianti. Ta oblika je uporabna tudi za delavnice. <\/p>\n","protected":false},"excerpt":{"rendered":"<p>Pri izdelavi strojnih delov in sploh pri strojegradnji zelo pogosto sre\u010damo poleg kovanih in valjanih kovinskih materialih tudi razne izdelke iz litine. Pri tem mislimo tako na odlitke sivega \u017eeleza, jekla kot tudi na odlitke barvnih kovin. Ker te literature v na\u0161i slovenski ponudbi ne najdemo prav pogosto, ali pa so podatki v malih priro\u010dnikih nepopolni, sem zbral nekaj najbolj potrebnih razlag in diagramov po tuji literaturi in doma\u010de prakse. Knji\u017eica nam nudi nekaj najbolj pogostih prakti\u010dnih re\u0161itev, ki so navedene v nekoliko bolj enostavni varianti. Ta oblika je uporabna tudi za delavnice. <\/p>\n","protected":false},"featured_media":1975,"comment_status":"closed","ping_status":"closed","template":"","meta":[],"product_cat":[25],"product_tag":[],"aioseo_notices":[],"_links":{"self":[{"href":"https:\/\/www.l-plan.si\/en\/wp-json\/wp\/v2\/product\/1974"}],"collection":[{"href":"https:\/\/www.l-plan.si\/en\/wp-json\/wp\/v2\/product"}],"about":[{"href":"https:\/\/www.l-plan.si\/en\/wp-json\/wp\/v2\/types\/product"}],"replies":[{"embeddable":true,"href":"https:\/\/www.l-plan.si\/en\/wp-json\/wp\/v2\/comments?post=1974"}],"wp:featuredmedia":[{"embeddable":true,"href":"https:\/\/www.l-plan.si\/en\/wp-json\/wp\/v2\/media\/1975"}],"wp:attachment":[{"href":"https:\/\/www.l-plan.si\/en\/wp-json\/wp\/v2\/media?parent=1974"}],"wp:term":[{"taxonomy":"product_cat","embeddable":true,"href":"https:\/\/www.l-plan.si\/en\/wp-json\/wp\/v2\/product_cat?post=1974"},{"taxonomy":"product_tag","embeddable":true,"href":"https:\/\/www.l-plan.si\/en\/wp-json\/wp\/v2\/product_tag?post=1974"}],"curies":[{"name":"wp","href":"https:\/\/api.w.org\/{rel}","templated":true}]}}