{"id":1996,"date":"2015-07-09T10:15:26","date_gmt":"2015-07-09T09:15:26","guid":{"rendered":"http:\/\/www.l-plan.si\/?post_type=product&#038;p=1996"},"modified":"2015-07-09T10:16:11","modified_gmt":"2015-07-09T09:16:11","slug":"tehnologija-jekla-v-praksi","status":"publish","type":"product","link":"https:\/\/www.l-plan.si\/en\/izdelek\/tehnologija-jekla-v-praksi\/","title":{"rendered":"TEHNOLOGIJA JEKLA V PRAKSI"},"content":{"rendered":"<p>Zanimive preiskave v Slovenskih \u017eelezarnah v letih rednega izhajanja \u00bb\u017eelezarskega zbornika\u00ab v zdru\u017eenih \u017eelezarnah: Jesenic, Raven, \u0160tor in predelovalcev: Verige, Plamen Krope, Tovila in \u017ei\u010dne iz Celja je pod vodstvom metalur\u0161kega in\u0161tituta v Ljubljani redno izhajala strokovna revija \u00bb\u017delezarski zbornik\u00ab. V ta zbornik so redno pisali strokovnjaki iz posameznih podro\u010dij o razvojnih nalogah, o preiskavah in analizah. Tako se je zbralo dosti zanimivega, novega materiala iz posameznih obratov, ki je kazal na razvoj in usmeritev v posameznih tehnologijah. Za predelavo \u017eice smo bili zadol\u017eeni Le\u0161\u010dani v Verigi.<br \/>\nZaradi zanimivosti in \u0161e dokaj aktualnih tem sem zdru\u017eil posamezne sklope za izdajo v obliki \u00bbDVD\u00ab. Na zaklju\u010dku so navedena tudi imena avtorjev. Posamezni \u010dlanki so bili objavljeni tudi v inozemstvu ob razli\u010dnih tehni\u010dnih konferencah in v posameznih revijah kot so: DRAHT, Draht Welt, Schweissen und Schneiden Wire, Werkstadt \/ Werkstatt und Betrieb \u2026<br \/>\n\u0160e vedno aktualne preiskave se bodo ponovno pokazale pred nami in nam pojasnile razne pojave. Iz omenjenih opravljenih nalog \u0161e vedno lahko \u010drpamo dolo\u010dene re\u0161itve in usmeritve. Ob\u010dasno so izhajale tudi publikacije v obliki knji\u017eic, skript ali tehni\u010dnih prilog. Prav na osnovi teh nalog in rezultatov preiskav so nastale razne kvalitete jekel in cela vrsta izdelkov iz \u017eice, valjanih palic, trakov in plo\u010devin. Vsi ti izdelki so dosegali dokaj visok kvaliteten nivo, tako v izdelkih za strojegradnjo, avtomobilsko industrijo in tudi za splo\u0161no potro\u0161njo. Posredna grupa so bila orodna jekla za razna orodja, potrebna pri obdelavi kovin in drugih osnovnih materialov. Ta so dosegala potrebne lastnosti s svojo sestavo, preoblikovanjem in toplotno obdelavo. <\/p>\n","protected":false},"excerpt":{"rendered":"<p>Zanimive preiskave v Slovenskih \u017eelezarnah v letih rednega izhajanja \u00bb\u017eelezarskega zbornika\u00ab v zdru\u017eenih \u017eelezarnah: Jesenic, Raven, \u0160tor in predelovalcev: Verige, Plamen Krope, Tovila in \u017ei\u010dne iz Celja je pod vodstvom metalur\u0161kega in\u0161tituta v Ljubljani redno izhajala strokovna revija \u00bb\u017delezarski zbornik\u00ab. V ta zbornik so redno pisali strokovnjaki iz posameznih podro\u010dij o razvojnih nalogah, o preiskavah in analizah. Tako se je zbralo dosti zanimivega, novega materiala iz posameznih obratov, ki je kazal na razvoj in usmeritev v posameznih tehnologijah. Za predelavo \u017eice smo bili zadol\u017eeni Le\u0161\u010dani v Verigi.<\/p>\n","protected":false},"featured_media":1997,"comment_status":"closed","ping_status":"closed","template":"","meta":[],"product_cat":[25],"product_tag":[],"aioseo_notices":[],"_links":{"self":[{"href":"https:\/\/www.l-plan.si\/en\/wp-json\/wp\/v2\/product\/1996"}],"collection":[{"href":"https:\/\/www.l-plan.si\/en\/wp-json\/wp\/v2\/product"}],"about":[{"href":"https:\/\/www.l-plan.si\/en\/wp-json\/wp\/v2\/types\/product"}],"replies":[{"embeddable":true,"href":"https:\/\/www.l-plan.si\/en\/wp-json\/wp\/v2\/comments?post=1996"}],"wp:featuredmedia":[{"embeddable":true,"href":"https:\/\/www.l-plan.si\/en\/wp-json\/wp\/v2\/media\/1997"}],"wp:attachment":[{"href":"https:\/\/www.l-plan.si\/en\/wp-json\/wp\/v2\/media?parent=1996"}],"wp:term":[{"taxonomy":"product_cat","embeddable":true,"href":"https:\/\/www.l-plan.si\/en\/wp-json\/wp\/v2\/product_cat?post=1996"},{"taxonomy":"product_tag","embeddable":true,"href":"https:\/\/www.l-plan.si\/en\/wp-json\/wp\/v2\/product_tag?post=1996"}],"curies":[{"name":"wp","href":"https:\/\/api.w.org\/{rel}","templated":true}]}}