{"id":4376,"date":"2017-07-01T11:42:49","date_gmt":"2017-07-01T10:42:49","guid":{"rendered":"http:\/\/www.l-plan.si\/es\/?page_id=4376"},"modified":"2017-07-01T11:49:56","modified_gmt":"2017-07-01T10:49:56","slug":"aprobaciones-de-las-reparaciones-de-las-valvulas","status":"publish","type":"page","link":"https:\/\/www.l-plan.si\/es\/servicios\/aprobaciones-de-las-reparaciones-de-las-valvulas\/","title":{"rendered":"Aprobaciones de las reparaciones de las v\u00e1lvulas,"},"content":{"rendered":"[vc_row][vc_column][vc_column_text]\n<h4 style=\"text-align: center;\"><strong>Reduce la p\u00e9rdida significativa de energ\u00eda debido a las fugas de las v\u00e1lvulas. En la empresa L-PLAN se puede conseguir todo en un solo lugar:<\/strong><\/h4>\n<h4 style=\"text-align: center;\">1. La reparaci\u00f3n de las v\u00e1lvulas de seguridad y todas las dem\u00e1s v\u00e1lvulas industriales<\/h4>\n<h4 style=\"text-align: center;\">2. Las pruebas de funcionalidad y de estanqueidad<\/h4>\n<h4 style=\"text-align: center;\">3. La evaluaci\u00f3n de la conformidad y aprobaci\u00f3n de las reparaciones<\/h4>\n<h4 style=\"text-align: center;\">4. La disponibilidad y el suministro de v\u00e1lvulas y piezas de repuesto<\/h4>\n<p style=\"text-align: center;\">lplan<\/p>\n[\/vc_column_text][\/vc_column][\/vc_row][vc_row css=\u00bb.vc_custom_1453450201221{margin-bottom: 15px !important;}\u00bb][vc_column][vc_gallery type=\u00bbnivo\u00bb interval=\u00bb3&#8243; images=\u00bb3031,3032,3033,3061&#8243; img_size=\u00bbfull\u00bb onclick=\u00bb\u00bb][\/vc_column][\/vc_row][vc_row equal_height=\u00bbyes\u00bb][vc_column][vc_gallery type=\u00bbnivo\u00bb interval=\u00bb3&#8243; images=\u00bb3035,3034&#8243; img_size=\u00bb1680&#215;750&#8243; onclick=\u00bb\u00bb][\/vc_column][\/vc_row][vc_row][vc_column][vc_column_text]\n<h4>Certificado de Calidad<\/h4>\n<p>El Departamento de reparaci\u00f3n de v\u00e1lvulas de la empresa L-PLAN es revisado peri\u00f3dicamente por el Organismo Notificado Bureau Veritas.<\/p>\n<p>&nbsp;<\/p>\n<h4>La restauraci\u00f3n de las v\u00e1lvulas. M\u00e1quinas especiales para la reparaci\u00f3n in situ<\/h4>\n<p>Con el uso de m\u00e1quinas y equipos transportables, especiales, la reparaci\u00f3n de las partes principales de las v\u00e1lvulas puede hacerse de manera eficiente, cualitativa y tambi\u00e9n in situ. El mantenimiento peri\u00f3dico de las v\u00e1lvulas reduce el coste de las p\u00e9rdidas debidas a la fuga de la v\u00e1lvula y prolonga su vida.<\/p>\n<p>&nbsp;<\/p>\n<h4>Equipo especial para la comprobaci\u00f3n de las v\u00e1lvulas. La justificaci\u00f3n de la calidad de las reparaciones.<\/h4>\n<p>La prueba de la funcionalidad, de la estanqueidad y de la fuerza de las v\u00e1lvulas se llevan a cabo por un equipo de prueba nuestro, desarrollado y producido en nuestra empresa. Los informes de prueba contienen diagramas de los resultados de medici\u00f3n de acuerdo con ciertos criterios. De esta manera usted puede estar seguro de la calidad de la reparaci\u00f3n y la funcionalidad de la v\u00e1lvula, para poder utilizarla en su producci\u00f3n tambi\u00e9n en el futuro. Una parte integral de los informes son tambi\u00e9n informes de reparaci\u00f3n.<\/p>\n<p>&nbsp;<\/p>\n<h4>La Evaluaci\u00f3n de Conformidad y la Inspecci\u00f3n de la reparaci\u00f3n de las v\u00e1lvulas<\/h4>\n<p>UPor el Organismo de Control Bureau Veritas somos autorizados para:<\/p>\n<ul>\n<li>Inspecci\u00f3n de la reparaci\u00f3n de las v\u00e1lvulas<\/li>\n<li>Comprobaci\u00f3n de las v\u00e1lvulas<\/li>\n<li>Sellado de las v\u00e1lvulas de seguridad (PSV).<\/li>\n<\/ul>\n<p>&nbsp;<\/p>\n<h4>El stock de las v\u00e1lvulas, piezas de repuesto y man\u00f3metros<\/h4>\n<p>La eficiencia de su producci\u00f3n se garantiza a trav\u00e9s del suministro y entrega de todos los tipos de v\u00e1lvulas y piezas de repuesto. Dado que estamos autorizados para ajustar la presi\u00f3n y el sellado de las v\u00e1lvulas de seguridad, los plazos para la entrega son significativamente m\u00e1s cortos.<\/p>\n<p>&nbsp;<\/p>\n<h4>Somos tambi\u00e9n aprobados por los productores de v\u00e1lvulas m\u00e1s grandes para el cambio de presiones de funcionamiento, el cambio de los repuestos originales y las comprobaciones:<\/h4>\n<p>Spirax Sarco, ARI Armaturen, Leser y Sempel.<\/p>\n<h4><\/h4>\n<p>.[\/vc_column_text][\/vc_column][\/vc_row][vc_row full_width=\u00bbstretch_row\u00bb content_placement=\u00bbmiddle\u00bb css=\u00bb.vc_custom_1477564398474{padding-bottom: 30px !important;background-color: #ffffff !important;}\u00bb el_class=\u00bbbackground-image-left\u00bb][vc_column][vc_custom_heading text=\u00bbProductos recientes\u00bb use_theme_fonts=\u00bbyes\u00bb el_class=\u00bbtitle\u00bb css=\u00bb.vc_custom_1498905865717{margin-bottom: 60px !important;}\u00bb][vc_row_inner][vc_column_inner width=\u00bb1\/4&#8243;][vc_single_image image=\u00bb2960&#8243; img_size=\u00bbfull\u00bb alignment=\u00bbcenter\u00bb onclick=\u00bbcustom_link\u00bb link=\u00bbhttps:\/\/www.l-plan.si\/produkti\/atum-c\/\u00bb][\/vc_column_inner][vc_column_inner width=\u00bb1\/4&#8243;][vc_single_image image=\u00bb2951&#8243; img_size=\u00bbfull\u00bb alignment=\u00bbcenter\u00bb onclick=\u00bbcustom_link\u00bb link=\u00bbhttps:\/\/www.l-plan.si\/produkti\/zaviralnik\/\u00bb][\/vc_column_inner][vc_column_inner width=\u00bb1\/4&#8243;][vc_single_image image=\u00bb2959&#8243; img_size=\u00bbfull\u00bb alignment=\u00bbcenter\u00bb onclick=\u00bbcustom_link\u00bb link=\u00bbhttps:\/\/www.l-plan.si\/produkti\/atum-h\/\u00bb][\/vc_column_inner][vc_column_inner width=\u00bb1\/4&#8243;][vc_single_image image=\u00bb2964&#8243; img_size=\u00bbfull\u00bb alignment=\u00bbcenter\u00bb onclick=\u00bbcustom_link\u00bb link=\u00bbhttps:\/\/www.l-plan.si\/produkti\/mobilni-test-ventilov\/\u00bb][\/vc_column_inner][\/vc_row_inner][\/vc_column][\/vc_row][vc_row css=\u00bb.vc_custom_1479979978909{background-color: #3c3c3c !important;}\u00bb][vc_column][vc_custom_heading text=\u00bbProyectos recientes y noticias\u00bb font_container=\u00bbtag:h2|text_align:left|color:%23ffffff\u00bb use_theme_fonts=\u00bbyes\u00bb el_class=\u00bbtitle\u00bb css=\u00bb.vc_custom_1498905881230{margin-bottom: 60px !important;}\u00bb][vc_basic_grid post_type=\u00bbpost\u00bb max_items=\u00bb3&#8243; item=\u00bb3808&#8243; grid_id=\u00bbvc_gid:1498906150447-49d30154-87f0-4&#8243;][\/vc_column][\/vc_row]\n","protected":false},"excerpt":{"rendered":"<p>[vc_row][vc_column][vc_column_text] Reduce la p\u00e9rdida significativa de energ\u00eda debido a las fugas de las v\u00e1lvulas. En la empresa L-PLAN se puede conseguir todo en un solo lugar: 1. La reparaci\u00f3n de las v\u00e1lvulas de seguridad y todas las dem\u00e1s v\u00e1lvulas industriales &hellip;<\/p>\n","protected":false},"author":7,"featured_media":0,"parent":4388,"menu_order":0,"comment_status":"closed","ping_status":"closed","template":"","meta":{"footnotes":""},"aioseo_notices":[],"_links":{"self":[{"href":"https:\/\/www.l-plan.si\/es\/wp-json\/wp\/v2\/pages\/4376"}],"collection":[{"href":"https:\/\/www.l-plan.si\/es\/wp-json\/wp\/v2\/pages"}],"about":[{"href":"https:\/\/www.l-plan.si\/es\/wp-json\/wp\/v2\/types\/page"}],"author":[{"embeddable":true,"href":"https:\/\/www.l-plan.si\/es\/wp-json\/wp\/v2\/users\/7"}],"replies":[{"embeddable":true,"href":"https:\/\/www.l-plan.si\/es\/wp-json\/wp\/v2\/comments?post=4376"}],"version-history":[{"count":11,"href":"https:\/\/www.l-plan.si\/es\/wp-json\/wp\/v2\/pages\/4376\/revisions"}],"predecessor-version":[{"id":4387,"href":"https:\/\/www.l-plan.si\/es\/wp-json\/wp\/v2\/pages\/4376\/revisions\/4387"}],"up":[{"embeddable":true,"href":"https:\/\/www.l-plan.si\/es\/wp-json\/wp\/v2\/pages\/4388"}],"wp:attachment":[{"href":"https:\/\/www.l-plan.si\/es\/wp-json\/wp\/v2\/media?parent=4376"}],"curies":[{"name":"wp","href":"https:\/\/api.w.org\/{rel}","templated":true}]}}