{"id":4390,"date":"2017-07-01T12:12:10","date_gmt":"2017-07-01T11:12:10","guid":{"rendered":"http:\/\/www.l-plan.si\/?page_id=4390"},"modified":"2017-07-01T12:14:17","modified_gmt":"2017-07-01T11:14:17","slug":"acerca-de-nosotros","status":"publish","type":"page","link":"https:\/\/www.l-plan.si\/es\/inicio\/acerca-de-nosotros\/","title":{"rendered":"Acerca de nosotros"},"content":{"rendered":"[vc_row][vc_column][vc_images_carousel images=\u00bb3208,3209&#8243; img_size=\u00bbfull\u00bb onclick=\u00bblink_no\u00bb autoplay=\u00bbyes\u00bb hide_pagination_control=\u00bbyes\u00bb hide_prev_next_buttons=\u00bbyes\u00bb wrap=\u00bbyes\u00bb][\/vc_column][\/vc_row][vc_row css=\u00bb.vc_custom_1453450201221{margin-bottom: 15px !important;}\u00bb][vc_column][vc_column_text]\n<h4>Experiencias<\/h4>\n<p>La empresa L-PLAN de Eslovenia fue fundada en 1991. Su objetivo era proporcionar servicios para equipos y sistemas de alta presi\u00f3n como calderas, estaciones de presi\u00f3n, redes de gas, o para sus elementos y montaje. Las experiencias obtenidas en la cooperaci\u00f3n con las autoriades de Inspecci\u00f3n de equipos de alta presi\u00f3n han sido un gran activo que nos ha ayudado a obtener la acreditaci\u00f3n como Organismo de Inspecci\u00f3n y de Evaluaci\u00f3n de la Conformidad. Varias aprobaciones de inspecciones, comprobaci\u00f3n y reparaci\u00f3n de v\u00e1lvulas nos han hecho m\u00e1s competitivos.<\/p>\n<h4>Conocimiento<\/h4>\n<p>Nuestros expertos se forman regularmente con los mayores fabricantes de equipos de presi\u00f3n, incluyendo v\u00e1lvulas. Hemos demostrado nuestro conocimiento y hemos ganado <u>la aprobaci\u00f3n de diferentes fabricantes<\/u>.<\/p>\n<h4>Innovaci\u00f3n<\/h4>\n<p>En el a\u00f1o 1992 fuimos la primera empresa en el mundo en desarrollar un nuevo m\u00e9todo para comprobar v\u00e1lvulas de seguridad. Los dispositivos de la \u201cserie Legaline\u201d est\u00e1n actualizados e implementados para su uso en diferentes actividades de inspecci\u00f3n, comprobaci\u00f3n, calibrado y medici\u00f3n.<\/p>\n<p>En 1997 patentamos el dispositivo \u201cLegatest\u201d para la comprobaci\u00f3n de v\u00e1lvulas de seguridad en l\u00ednea, es decir durante el funcionamiento.<\/p>\n<p>Basado en la opini\u00f3n de varias autoridades, el dispositivo Legatest est\u00e1 actualmente considerado el mejor del mundo. Nuestros dispositivos son usados por diferentes empresas y autoridades.<\/p>\n<h4>Comunicaci\u00f3n y Cooperaci\u00f3n<\/h4>\n<p>Nuestra pol\u00edtica es trabajar con integridad, imparcialidad y calidad.<\/p>\n<p>El objetivo com\u00fan de todos nosotros es el funcionamiento \u00f3ptimo de equipos de presi\u00f3n. Esto puede incluir conversaciones regulares, control sobre el funcionamiento o formaci\u00f3n adicional cuando sea conveniente.<\/p>\n<h4>Objetivos<\/h4>\n<p>Nuestra visi\u00f3n es ser una empresa exitosa y estable con una gran experiencia, calidad de servicio, imparcialidad y un alto nivel de relaciones mutuas y actitudes hacia los clientes. El prop\u00f3sito de nuestro enfoque es reducir las paradas regulares, reducir el consumo de energ\u00eda, aumentar la seguridad y la confianza en las funciones del equipo de presi\u00f3n.<\/p>\n<p>Esto solo se puede conseguir mediante:<\/p>\n<ul>\n<li>Dispositivos de alta precisi\u00f3n, de confianza, seguros y verificados,<\/li>\n<li>M\u00e9todos que nos proporcionan suficiente informaci\u00f3n para una opini\u00f3n de inspecci\u00f3n final de confianza.<\/li>\n<\/ul>\n[\/vc_column_text][\/vc_column][\/vc_row][vc_row full_width=\u00bbstretch_row\u00bb content_placement=\u00bbmiddle\u00bb css=\u00bb.vc_custom_1477564398474{padding-bottom: 30px !important;background-color: #ffffff !important;}\u00bb el_class=\u00bbbackground-image-left\u00bb][vc_column][vc_custom_heading text=\u00bbProductos recientes\u00bb use_theme_fonts=\u00bbyes\u00bb el_class=\u00bbtitle\u00bb css=\u00bb.vc_custom_1498907513043{margin-bottom: 60px !important;}\u00bb][vc_row_inner][vc_column_inner width=\u00bb1\/4&#8243;][vc_single_image image=\u00bb2960&#8243; img_size=\u00bbfull\u00bb alignment=\u00bbcenter\u00bb onclick=\u00bbcustom_link\u00bb link=\u00bbhttps:\/\/www.l-plan.si\/produkti\/atum-c\/\u00bb][\/vc_column_inner][vc_column_inner width=\u00bb1\/4&#8243;][vc_single_image image=\u00bb2951&#8243; img_size=\u00bbfull\u00bb alignment=\u00bbcenter\u00bb onclick=\u00bbcustom_link\u00bb link=\u00bbhttps:\/\/www.l-plan.si\/produkti\/zaviralnik\/\u00bb][\/vc_column_inner][vc_column_inner width=\u00bb1\/4&#8243;][vc_single_image image=\u00bb2959&#8243; img_size=\u00bbfull\u00bb alignment=\u00bbcenter\u00bb onclick=\u00bbcustom_link\u00bb link=\u00bbhttps:\/\/www.l-plan.si\/produkti\/atum-h\/\u00bb][\/vc_column_inner][vc_column_inner width=\u00bb1\/4&#8243;][vc_single_image image=\u00bb2964&#8243; img_size=\u00bbfull\u00bb alignment=\u00bbcenter\u00bb onclick=\u00bbcustom_link\u00bb link=\u00bbhttps:\/\/www.l-plan.si\/produkti\/mobilni-test-ventilov\/\u00bb][\/vc_column_inner][\/vc_row_inner][\/vc_column][\/vc_row][vc_row][vc_column]<div class=\"projects projects-recent\"><div class=\"projects-header clearfix\"><h2 class='title projects-title visible-lg pull-left'>Proyectos recientes y noticias<\/h2><ul class=\"filter filter-dark pull-right\"><li><button data-filter=\"*\" class=\"selected\">All projects<\/button><\/li><\/ul><\/div><div class=\"row projects-content\"><\/div><div class=\"projects-pagination\"><button class=\"prev\"><i class=\"fa fa-angle-left\"><\/i><\/button><button class=\"next\"><i class=\"fa fa-angle-right\"><\/i><\/button><\/div><\/div>[\/vc_column][\/vc_row]\n","protected":false},"excerpt":{"rendered":"<p>[vc_row][vc_column][vc_images_carousel images=\u00bb3208,3209&#8243; img_size=\u00bbfull\u00bb onclick=\u00bblink_no\u00bb autoplay=\u00bbyes\u00bb hide_pagination_control=\u00bbyes\u00bb hide_prev_next_buttons=\u00bbyes\u00bb wrap=\u00bbyes\u00bb][\/vc_column][\/vc_row][vc_row css=\u00bb.vc_custom_1453450201221{margin-bottom: 15px !important;}\u00bb][vc_column][vc_column_text] Experiencias La empresa L-PLAN de Eslovenia fue fundada en 1991. Su objetivo era proporcionar servicios para equipos y sistemas de alta presi\u00f3n como calderas, estaciones de presi\u00f3n, redes de &hellip;<\/p>\n","protected":false},"author":7,"featured_media":0,"parent":4365,"menu_order":0,"comment_status":"closed","ping_status":"closed","template":"","meta":{"footnotes":""},"aioseo_notices":[],"_links":{"self":[{"href":"https:\/\/www.l-plan.si\/es\/wp-json\/wp\/v2\/pages\/4390"}],"collection":[{"href":"https:\/\/www.l-plan.si\/es\/wp-json\/wp\/v2\/pages"}],"about":[{"href":"https:\/\/www.l-plan.si\/es\/wp-json\/wp\/v2\/types\/page"}],"author":[{"embeddable":true,"href":"https:\/\/www.l-plan.si\/es\/wp-json\/wp\/v2\/users\/7"}],"replies":[{"embeddable":true,"href":"https:\/\/www.l-plan.si\/es\/wp-json\/wp\/v2\/comments?post=4390"}],"version-history":[{"count":2,"href":"https:\/\/www.l-plan.si\/es\/wp-json\/wp\/v2\/pages\/4390\/revisions"}],"predecessor-version":[{"id":4393,"href":"https:\/\/www.l-plan.si\/es\/wp-json\/wp\/v2\/pages\/4390\/revisions\/4393"}],"up":[{"embeddable":true,"href":"https:\/\/www.l-plan.si\/es\/wp-json\/wp\/v2\/pages\/4365"}],"wp:attachment":[{"href":"https:\/\/www.l-plan.si\/es\/wp-json\/wp\/v2\/media?parent=4390"}],"curies":[{"name":"wp","href":"https:\/\/api.w.org\/{rel}","templated":true}]}}