{"id":4405,"date":"2017-07-01T16:45:03","date_gmt":"2017-07-01T15:45:03","guid":{"rendered":"http:\/\/www.l-plan.si\/es\/?page_id=4405"},"modified":"2017-07-01T16:54:19","modified_gmt":"2017-07-01T15:54:19","slug":"comprobacion-de-las-valvulas-en-la-produccion","status":"publish","type":"page","link":"https:\/\/www.l-plan.si\/es\/servicios\/comprobacion-de-las-valvulas-en-la-produccion\/","title":{"rendered":"Comprobaci\u00f3n de las v\u00e1lvulas en la producci\u00f3n"},"content":{"rendered":"[vc_row][vc_column][vc_column_text]\n<h4 style=\"text-align: center;\"><strong>La comprobaci\u00f3n de las caracter\u00edsticas de las v\u00e1lvulas en la producci\u00f3n \u2013 Prueba de tipo.<\/strong><\/h4>\n<h4 style=\"text-align: center;\">La precisi\u00f3n, la calidad y la eficiencia?<\/h4>\n<h4 style=\"text-align: center;\">Un enfoque innovador en el desarrollo de los m\u00e9todos y otros dispositivos de prueba desde el a\u00f1o 1991.<\/h4>\n<p style=\"text-align: center;\">lplan<\/p>\n[\/vc_column_text][\/vc_column][\/vc_row][vc_row css=\u00bb.vc_custom_1453450201221{margin-bottom: 15px !important;}\u00bb][vc_column][vc_gallery type=\u00bbnivo\u00bb interval=\u00bb3&#8243; images=\u00bb3053,3055,3052,3054&#8243; img_size=\u00bbfull\u00bb onclick=\u00bb\u00bb][vc_gallery type=\u00bbnivo\u00bb interval=\u00bb3&#8243; images=\u00bb3056,3035,3057&#8243; img_size=\u00bb1680&#215;750&#8243;][\/vc_column][\/vc_row][vc_row][vc_column][vc_column_text]\n<h4><strong>Todas las pruebas de las v\u00e1lvulas se realizan con el equipo especial, desarrollado y fabricado en la empresa L-PLAN. <\/strong><\/h4>\n<p>Desde el 1991, incluimos con \u00e9xito todas las experiencias de comprobaci\u00f3n y de inspecci\u00f3n en el desarrollo innovador y la producci\u00f3n de dispositivos de medici\u00f3n, comprobaci\u00f3n, calibraci\u00f3n e inspecci\u00f3n como m\u00e9todos y procedimientos.<\/p>\n<p>Por el Bureau Veritas, la empresa L-PLAN est\u00e1 certificada como laboratorio y la organizaci\u00f3n de servicio para la reparaci\u00f3n, mantenimiento, inspecci\u00f3n y comprobaci\u00f3n de las v\u00e1lvulas de seguridad y otras v\u00e1lvulas industriales seg\u00fan las normas y reglas EN.<\/p>\n<p>L-PLAN tambi\u00e9n est\u00e1 acreditado como Organismo de Inspecci\u00f3n para las v\u00e1lvulas de seguridad y otros accesorios de presi\u00f3n (EN ISO\/ IEC 17020).<\/p>\n<p>Con nuestras experiencias y el esp\u00edritu innovador los dispositivos de comprobaci\u00f3n pueden ser adaptados a sus requisitos de una manera eficaz.<\/p>\n<p>El alcance de las pruebas:<\/p>\n<ul>\n<li>La medici\u00f3n de caudales<\/li>\n<li>Influencia del calor en el envejecimiento<\/li>\n<li>Envejecimiento seg\u00fan el m\u00e9todo de apertura y de cierre<\/li>\n<li>Prueba de la torsi\u00f3n (de par)<\/li>\n<li>Prueba del estanqueidad del asiento<\/li>\n<li>Prueba de la fuerza de presi\u00f3n de la v\u00e1lvula<\/li>\n<li>Pruebas de funcionalidad:\n<ul>\n<li>Diferencia de presi\u00f3n<\/li>\n<li>presi\u00f3n de apertura<\/li>\n<li>de cierre<\/li>\n<li>purga (blowdown)<\/li>\n<li>sellado de presi\u00f3n<\/li>\n<li>presi\u00f3n m\u00e1xima<\/li>\n<li>elevaci\u00f3n del husillo<\/li>\n<\/ul>\n<\/li>\n<li>An\u00e1lisis, evaluaciones, c\u00e1lculos y otra documentaci\u00f3n t\u00e9cnica<\/li>\n<\/ul>\n<p>Vea pel\u00edculas cortas abajo.<\/p>\n<p>lplan[\/vc_column_text][\/vc_column][\/vc_row][vc_row full_width=\u00bbstretch_row\u00bb content_placement=\u00bbmiddle\u00bb css=\u00bb.vc_custom_1477564398474{padding-bottom: 30px !important;background-color: #ffffff !important;}\u00bb el_class=\u00bbbackground-image-left\u00bb][vc_column][vc_custom_heading text=\u00bbProductos recientes\u00bb use_theme_fonts=\u00bbyes\u00bb el_class=\u00bbtitle\u00bb css=\u00bb.vc_custom_1498923891033{margin-bottom: 60px !important;}\u00bb][vc_row_inner][vc_column_inner width=\u00bb1\/4&#8243;][vc_single_image image=\u00bb2960&#8243; img_size=\u00bbfull\u00bb alignment=\u00bbcenter\u00bb onclick=\u00bbcustom_link\u00bb link=\u00bbhttps:\/\/www.l-plan.si\/produkti\/atum-c\/\u00bb][\/vc_column_inner][vc_column_inner width=\u00bb1\/4&#8243;][vc_single_image image=\u00bb2951&#8243; img_size=\u00bbfull\u00bb alignment=\u00bbcenter\u00bb onclick=\u00bbcustom_link\u00bb link=\u00bbhttps:\/\/www.l-plan.si\/produkti\/zaviralnik\/\u00bb][\/vc_column_inner][vc_column_inner width=\u00bb1\/4&#8243;][vc_single_image image=\u00bb2959&#8243; img_size=\u00bbfull\u00bb alignment=\u00bbcenter\u00bb onclick=\u00bbcustom_link\u00bb link=\u00bbhttps:\/\/www.l-plan.si\/produkti\/atum-h\/\u00bb][\/vc_column_inner][vc_column_inner width=\u00bb1\/4&#8243;][vc_single_image image=\u00bb2964&#8243; img_size=\u00bbfull\u00bb alignment=\u00bbcenter\u00bb onclick=\u00bbcustom_link\u00bb link=\u00bbhttps:\/\/www.l-plan.si\/produkti\/mobilni-test-ventilov\/\u00bb][\/vc_column_inner][\/vc_row_inner][\/vc_column][\/vc_row][vc_row css=\u00bb.vc_custom_1479979978909{background-color: #3c3c3c !important;}\u00bb][vc_column][vc_custom_heading text=\u00bbProyectos recientes y noticias\u00bb font_container=\u00bbtag:h2|text_align:left|color:%23ffffff\u00bb use_theme_fonts=\u00bbyes\u00bb el_class=\u00bbtitle\u00bb css=\u00bb.vc_custom_1498923901354{margin-bottom: 60px !important;}\u00bb][vc_basic_grid post_type=\u00bbpost\u00bb max_items=\u00bb3&#8243; item=\u00bb3808&#8243; grid_id=\u00bbvc_gid:1498923477333-b681e1f1-3701-2&#8243;][\/vc_column][\/vc_row]\n","protected":false},"excerpt":{"rendered":"<p>[vc_row][vc_column][vc_column_text] La comprobaci\u00f3n de las caracter\u00edsticas de las v\u00e1lvulas en la producci\u00f3n \u2013 Prueba de tipo. La precisi\u00f3n, la calidad y la eficiencia? Un enfoque innovador en el desarrollo de los m\u00e9todos y otros dispositivos de prueba desde el a\u00f1o &hellip;<\/p>\n","protected":false},"author":7,"featured_media":0,"parent":4388,"menu_order":0,"comment_status":"closed","ping_status":"closed","template":"","meta":{"footnotes":""},"aioseo_notices":[],"_links":{"self":[{"href":"https:\/\/www.l-plan.si\/es\/wp-json\/wp\/v2\/pages\/4405"}],"collection":[{"href":"https:\/\/www.l-plan.si\/es\/wp-json\/wp\/v2\/pages"}],"about":[{"href":"https:\/\/www.l-plan.si\/es\/wp-json\/wp\/v2\/types\/page"}],"author":[{"embeddable":true,"href":"https:\/\/www.l-plan.si\/es\/wp-json\/wp\/v2\/users\/7"}],"replies":[{"embeddable":true,"href":"https:\/\/www.l-plan.si\/es\/wp-json\/wp\/v2\/comments?post=4405"}],"version-history":[{"count":3,"href":"https:\/\/www.l-plan.si\/es\/wp-json\/wp\/v2\/pages\/4405\/revisions"}],"predecessor-version":[{"id":4411,"href":"https:\/\/www.l-plan.si\/es\/wp-json\/wp\/v2\/pages\/4405\/revisions\/4411"}],"up":[{"embeddable":true,"href":"https:\/\/www.l-plan.si\/es\/wp-json\/wp\/v2\/pages\/4388"}],"wp:attachment":[{"href":"https:\/\/www.l-plan.si\/es\/wp-json\/wp\/v2\/media?parent=4405"}],"curies":[{"name":"wp","href":"https:\/\/api.w.org\/{rel}","templated":true}]}}