{"id":4415,"date":"2017-07-01T17:10:40","date_gmt":"2017-07-01T16:10:40","guid":{"rendered":"http:\/\/www.l-plan.si\/es\/?page_id=4415"},"modified":"2017-07-01T17:10:40","modified_gmt":"2017-07-01T16:10:40","slug":"productos","status":"publish","type":"page","link":"https:\/\/www.l-plan.si\/es\/productos\/","title":{"rendered":"Productos"},"content":{"rendered":"[vc_row content_placement=\u00bbbottom\u00bb css=\u00bb.vc_custom_1478512302328{padding-top: 0px !important;padding-bottom: 40px !important;background-color: #3c3c3c !important;}\u00bb][vc_column][vc_column_text]\n<h3><span style=\"color: #ffffff;\">Investigaci\u00f3n y desarrollo<\/span><\/h3>\n<p><span style=\"color: #ffffff;\">Equipo de prueba m\u00f3vil y estable y equipos de calibraci\u00f3n<\/span><\/p>\n<p>.[\/vc_column_text][vc_row_inner][vc_column_inner width=\u00bb1\/3&#8243;]<div class='featured featured-image featured-has-link'><div class='featured-header'><a target='_self' href='https:\/\/www.l-plan.si\/produkti\/raziskave-in-razvoj-v-l-plan\/'><img alt='El enfoque est\u00e1 en la alta precisi\u00f3n de la medici\u00f3n en varias condiciones ambientales' src='https:\/\/www.l-plan.si\/wp-content\/uploads\/2016\/01\/image010.png'\/><\/a><\/div><div class='featured-content'><h3 class='featured-title text-uppercase'><a target='_self' href='https:\/\/www.l-plan.si\/produkti\/raziskave-in-razvoj-v-l-plan\/'>El enfoque est\u00e1 en la alta precisi\u00f3n de la medici\u00f3n en varias condiciones ambientales<\/a><\/h3><a class='btn btn-md btn-minimal' target='_self' href='https:\/\/www.l-plan.si\/produkti\/raziskave-in-razvoj-v-l-plan\/'>Read more<\/a><a href='https:\/\/www.l-plan.si\/wp-content\/uploads\/2016\/01\/image010.png' class='featured-lightbox-link'><i class='fa fa-image'><\/i><\/a><\/div><\/div>[\/vc_column_inner][vc_column_inner width=\u00bb1\/3&#8243;]<div class='featured featured-image featured-has-link featured-has-content'><div class='featured-header'><a target='_self' href='https:\/\/www.l-plan.si\/produkti\/raziskave-in-razvoj-v-l-plan\/'><img alt='Prvi na svetu s sistemom za zajemanje podatkov' src='https:\/\/www.l-plan.si\/wp-content\/uploads\/2016\/01\/image012-1.png'\/><\/a><\/div><div class='featured-content'><h3 class='featured-title text-uppercase'><a target='_self' href='https:\/\/www.l-plan.si\/produkti\/raziskave-in-razvoj-v-l-plan\/'>Prvi na svetu s sistemom za zajemanje podatkov<\/a><\/h3><p class='featured-desc'>En el a\u00f1o 1992 la empresa L-PLAN fue la primera en el mundo que inici\u00f3 un nuevo m\u00e9todo de comprobaci\u00f3n de las v\u00e1lvulas de seguridad (PSV) con un sistema de adquisici\u00f3n de datos<\/p><a class='btn btn-md btn-minimal' target='_self' href='https:\/\/www.l-plan.si\/produkti\/raziskave-in-razvoj-v-l-plan\/'>Read more<\/a><a href='https:\/\/www.l-plan.si\/wp-content\/uploads\/2016\/01\/image012-1.png' class='featured-lightbox-link'><i class='fa fa-image'><\/i><\/a><\/div><\/div>[\/vc_column_inner][vc_column_inner width=\u00bb1\/3&#8243;]<div class='featured featured-image featured-has-link featured-has-content'><div class='featured-header'><a target='_self' href='https:\/\/www.l-plan.si\/produkti\/raziskave-in-razvoj-v-l-plan\/'><img alt='Implementacija lastnih izku\u0161enj pri uporabi naprav' src='https:\/\/www.l-plan.si\/wp-content\/uploads\/2016\/01\/image014-1.png'\/><\/a><\/div><div class='featured-content'><h3 class='featured-title text-uppercase'><a target='_self' href='https:\/\/www.l-plan.si\/produkti\/raziskave-in-razvoj-v-l-plan\/'>Implementacija lastnih izku\u0161enj pri uporabi naprav<\/a><\/h3><p class='featured-desc'>Mediante la implementaci\u00f3n de nuestras propias experiencias en el uso de los dispositivos, \u00e9stos son altamente seguros y f\u00e1ciles de usar<\/p><a class='btn btn-md btn-minimal' target='_self' href='https:\/\/www.l-plan.si\/produkti\/raziskave-in-razvoj-v-l-plan\/'>Read more<\/a><a href='https:\/\/www.l-plan.si\/wp-content\/uploads\/2016\/01\/image014-1.png' class='featured-lightbox-link'><i class='fa fa-image'><\/i><\/a><\/div><\/div>[\/vc_column_inner][\/vc_row_inner][\/vc_column][\/vc_row][vc_row equal_height=\u00bbyes\u00bb content_placement=\u00bbtop\u00bb css=\u00bb.vc_custom_1478514255527{margin-top: 50px !important;padding-top: 0px !important;}\u00bb][vc_column][\/vc_column][\/vc_row][vc_row equal_height=\u00bbyes\u00bb content_placement=\u00bbbottom\u00bb css=\u00bb.vc_custom_1478510723083{margin-bottom: 15px !important;}\u00bb][vc_column width=\u00bb1\/4&#8243;][vc_single_image image=\u00bb3506&#8243; img_size=\u00bbmedium\u00bb alignment=\u00bbcenter\u00bb onclick=\u00bbcustom_link\u00bb link=\u00bbhttps:\/\/www.l-plan.si\/produkti\/data-registration-and-processing\/\u00bb][vc_column_text css=\u00bb.vc_custom_1498925201310{margin-top: -20px !important;}\u00bb]<span style=\"color: #000000;\">Modernizaci\u00f3n de los dispositivos de prueba con \u201c<strong>Legaline data acquisition\u201d<\/strong><\/span><\/p>\n<p>.[\/vc_column_text][\/vc_column][vc_column width=\u00bb1\/4&#8243;][vc_single_image image=\u00bb3512&#8243; img_size=\u00bbmedium\u00bb alignment=\u00bbcenter\u00bb onclick=\u00bbcustom_link\u00bb link=\u00bbhttps:\/\/www.l-plan.si\/produkti\/legatest\/\u00bb][vc_column_text css=\u00bb.vc_custom_1498925254141{margin-top: -20px !important;}\u00bb]La prueba de las v\u00e1lvulas de seguridad durante la operaci\u00f3n con \u201c<strong>Legatest<\/strong>\u201d<\/p>\n<p>.[\/vc_column_text][\/vc_column][vc_column width=\u00bb1\/4&#8243;][vc_single_image image=\u00bb3507&#8243; img_size=\u00bbmedium\u00bb alignment=\u00bbcenter\u00bb onclick=\u00bbcustom_link\u00bb link=\u00bbhttps:\/\/www.l-plan.si\/produkti\/csprs-2\/\u00bb][vc_column_text css=\u00bb.vc_custom_1498925270926{margin-top: -20px !important;}\u00bb]La prueba de unidades de control de las v\u00e1lvulas de seguridad \u201c<strong>LL \u00bbCSPRS<\/strong>\u201d<\/p>\n<p>.[\/vc_column_text][\/vc_column][vc_column width=\u00bb1\/4&#8243;][vc_single_image image=\u00bb3510&#8243; img_size=\u00bbmedium\u00bb alignment=\u00bbcenter\u00bb onclick=\u00bbcustom_link\u00bb link=\u00bbhttps:\/\/www.l-plan.si\/produkti\/mobilni-test-ventilov\/\u00bb][vc_column_text css=\u00bb.vc_custom_1498925286486{margin-top: -20px !important;}\u00bb]Dispositivo de prueba m\u00f3vil para las v\u00e1lvulas \u201c<strong>LL<\/strong>\u00a0<strong>Valve test\u201d<\/strong><\/p>\n<p>.[\/vc_column_text][\/vc_column][\/vc_row][vc_row equal_height=\u00bbyes\u00bb content_placement=\u00bbbottom\u00bb css=\u00bb.vc_custom_1478510754769{margin-bottom: 15px !important;}\u00bb][vc_column width=\u00bb1\/4&#8243;][vc_single_image image=\u00bb3509&#8243; img_size=\u00bbmedium\u00bb alignment=\u00bbcenter\u00bb onclick=\u00bbcustom_link\u00bb link=\u00bbhttps:\/\/www.l-plan.si\/produkti\/mobilni-plinski-test\/\u00bb][vc_column_text css=\u00bb.vc_custom_1498925302542{margin-top: -20px !important;}\u00bb]La prueba de estaciones de regulaci\u00f3n de gas \u201c<strong>LL Gas test\u201d<\/strong><\/p>\n<p>.[\/vc_column_text][\/vc_column][vc_column width=\u00bb1\/4&#8243;][vc_single_image image=\u00bb3511&#8243; img_size=\u00bbmedium\u00bb alignment=\u00bbcenter\u00bb onclick=\u00bbcustom_link\u00bb link=\u00bbhttps:\/\/www.l-plan.si\/produkti\/atum-c\/\u00bb][vc_column_text css=\u00bb.vc_custom_1498925316534{margin-top: -20px !important;}\u00bb]La prueba de las caracter\u00edsticas de v\u00e1lvulas <strong>\u201cLL ATUM-C\u201c<\/strong><\/p>\n<p>.[\/vc_column_text][\/vc_column][vc_column width=\u00bb1\/4&#8243;][vc_single_image image=\u00bb3515&#8243; img_size=\u00bbmedium\u00bb alignment=\u00bbcenter\u00bb onclick=\u00bbcustom_link\u00bb link=\u00bbhttps:\/\/www.l-plan.si\/produkti\/atum-h\/\u00bb][vc_column_text css=\u00bb.vc_custom_1498925330477{margin-top: -20px !important;}\u00bb]La prueba de las caracter\u00edsticas de v\u00e1lvulas <strong>\u201eLL ATUM-H\u201c<\/strong><\/p>\n<p>.[\/vc_column_text][\/vc_column][vc_column width=\u00bb1\/4&#8243;][vc_single_image image=\u00bb3516&#8243; img_size=\u00bbmedium\u00bb alignment=\u00bbcenter\u00bb onclick=\u00bbcustom_link\u00bb link=\u00bbhttps:\/\/www.l-plan.si\/produkti\/zaviralnik\/\u00bb][vc_column_text css=\u00bb.vc_custom_1498925346822{margin-top: -20px !important;}\u00bb]La prueba del Sistema de frenado de ferrocarril <strong>\u201eLL ATUM-Z\u201c<\/strong><\/p>\n<p>.[\/vc_column_text][\/vc_column][\/vc_row][vc_row content_placement=\u00bbbottom\u00bb css=\u00bb.vc_custom_1478510736167{margin-bottom: 15px !important;}\u00bb][vc_column width=\u00bb1\/4&#8243;][vc_single_image image=\u00bb3517&#8243; img_size=\u00bbmedium\u00bb alignment=\u00bbcenter\u00bb onclick=\u00bbcustom_link\u00bb link=\u00bbhttps:\/\/www.l-plan.si\/produkti\/mobilni-bubble-test\/\u00bb][vc_column_text css=\u00bb.vc_custom_1498925363013{margin-top: -20px !important;}\u00bb]La unidad de prueba digital de estanqueidad de las v\u00e1lvulas <strong>\u201eLL Bubbletest\u201c<\/strong><\/p>\n<p>.[\/vc_column_text][\/vc_column][vc_column width=\u00bb1\/4&#8243;][vc_single_image image=\u00bb3518&#8243; img_size=\u00bbmedium\u00bb alignment=\u00bbcenter\u00bb onclick=\u00bbcustom_link\u00bb link=\u00bbhttps:\/\/www.l-plan.si\/produkti\/mobile-30t-clamping-unit\/\u00bb][vc_column_text css=\u00bb.vc_custom_1498925377046{margin-top: -20px !important;}\u00bb]Unidad de sujeci\u00f3n m\u00f3vil de v\u00e1lvulas 30 T <strong>\u201eLL CLH\u201c<\/strong><\/p>\n<p>.[\/vc_column_text][\/vc_column][vc_column width=\u00bb1\/4&#8243;][vc_single_image image=\u00bb3519&#8243; img_size=\u00bbfull\u00bb alignment=\u00bbcenter\u00bb onclick=\u00bbcustom_link\u00bb link=\u00bbhttps:\/\/www.l-plan.si\/produkti\/manotest\/\u00bb][vc_column_text css=\u00bb.vc_custom_1498925393262{margin-top: -20px !important;}\u00bb]Las calibraciones de man\u00f3metros en el terreno <strong>\u201eLL Manotest\u201c<\/strong><\/p>\n<p>.[\/vc_column_text][\/vc_column][vc_column width=\u00bb1\/4&#8243;][vc_single_image image=\u00bb3514&#8243; img_size=\u00bbmedium\u00bb alignment=\u00bbcenter\u00bb onclick=\u00bbcustom_link\u00bb link=\u00bbhttps:\/\/www.l-plan.si\/produkti\/pressure-test\/\u00bb][vc_column_text css=\u00bb.vc_custom_1498925411268{margin-top: -20px !important;}\u00bb]La pruebas de la fuerza de presi\u00f3n y de la estanqueidad <strong>\u201cLL Pressure test\u201c<\/strong><\/p>\n<p>.[\/vc_column_text][\/vc_column][\/vc_row][vc_row content_placement=\u00bbmiddle\u00bb css=\u00bb.vc_custom_1480078014816{padding-bottom: 30px !important;background-color: #ffffff !important;}\u00bb el_class=\u00bbbackground-image-left\u00bb][vc_column][vc_custom_heading text=\u00bbProductos recientes\u00bb use_theme_fonts=\u00bbyes\u00bb el_class=\u00bbtitle\u00bb css=\u00bb.vc_custom_1498925426989{margin-bottom: 60px !important;}\u00bb][vc_row_inner][vc_column_inner width=\u00bb1\/4&#8243;][vc_single_image image=\u00bb2960&#8243; img_size=\u00bbfull\u00bb alignment=\u00bbcenter\u00bb onclick=\u00bbcustom_link\u00bb link=\u00bbhttps:\/\/www.l-plan.si\/produkti\/atum-c\/\u00bb][\/vc_column_inner][vc_column_inner width=\u00bb1\/4&#8243;][vc_single_image image=\u00bb2951&#8243; img_size=\u00bbfull\u00bb alignment=\u00bbcenter\u00bb onclick=\u00bbcustom_link\u00bb link=\u00bbhttps:\/\/www.l-plan.si\/produkti\/zaviralnik\/\u00bb][\/vc_column_inner][vc_column_inner width=\u00bb1\/4&#8243;][vc_single_image image=\u00bb2959&#8243; img_size=\u00bbfull\u00bb alignment=\u00bbcenter\u00bb onclick=\u00bbcustom_link\u00bb link=\u00bbhttps:\/\/www.l-plan.si\/produkti\/atum-h\/\u00bb][\/vc_column_inner][vc_column_inner width=\u00bb1\/4&#8243;][vc_single_image image=\u00bb2964&#8243; img_size=\u00bbfull\u00bb alignment=\u00bbcenter\u00bb onclick=\u00bbcustom_link\u00bb link=\u00bbhttps:\/\/www.l-plan.si\/produkti\/mobilni-test-ventilov\/\u00bb][\/vc_column_inner][\/vc_row_inner][\/vc_column][\/vc_row][vc_row css=\u00bb.vc_custom_1479979978909{background-color: #3c3c3c !important;}\u00bb][vc_column][vc_custom_heading text=\u00bbProyectos recientes y noticias\u00bb font_container=\u00bbtag:h2|text_align:left|color:%23ffffff\u00bb use_theme_fonts=\u00bbyes\u00bb el_class=\u00bbtitle\u00bb css=\u00bb.vc_custom_1498925436604{margin-bottom: 60px !important;}\u00bb][vc_basic_grid post_type=\u00bbpost\u00bb max_items=\u00bb4&#8243; element_width=\u00bb3&#8243; item=\u00bb3808&#8243; grid_id=\u00bbvc_gid:1498924915004-716c6f2a-27ef-5&#8243;][\/vc_column][\/vc_row]\n","protected":false},"excerpt":{"rendered":"<p>[vc_row content_placement=\u00bbbottom\u00bb css=\u00bb.vc_custom_1478512302328{padding-top: 0px !important;padding-bottom: 40px !important;background-color: #3c3c3c !important;}\u00bb][vc_column][vc_column_text] Investigaci\u00f3n y desarrollo Equipo de prueba m\u00f3vil y estable y equipos de calibraci\u00f3n .[\/vc_column_text][vc_row_inner][vc_column_inner width=\u00bb1\/3&#8243;][\/vc_column_inner][vc_column_inner width=\u00bb1\/3&#8243;][\/vc_column_inner][vc_column_inner width=\u00bb1\/3&#8243;][\/vc_column_inner][\/vc_row_inner][\/vc_column][\/vc_row][vc_row equal_height=\u00bbyes\u00bb content_placement=\u00bbtop\u00bb css=\u00bb.vc_custom_1478514255527{margin-top: 50px !important;padding-top: 0px !important;}\u00bb][vc_column][\/vc_column][\/vc_row][vc_row equal_height=\u00bbyes\u00bb content_placement=\u00bbbottom\u00bb css=\u00bb.vc_custom_1478510723083{margin-bottom: 15px !important;}\u00bb][vc_column width=\u00bb1\/4&#8243;][vc_single_image image=\u00bb3506&#8243; &hellip;<\/p>\n","protected":false},"author":7,"featured_media":0,"parent":0,"menu_order":0,"comment_status":"closed","ping_status":"closed","template":"","meta":{"footnotes":""},"aioseo_notices":[],"_links":{"self":[{"href":"https:\/\/www.l-plan.si\/es\/wp-json\/wp\/v2\/pages\/4415"}],"collection":[{"href":"https:\/\/www.l-plan.si\/es\/wp-json\/wp\/v2\/pages"}],"about":[{"href":"https:\/\/www.l-plan.si\/es\/wp-json\/wp\/v2\/types\/page"}],"author":[{"embeddable":true,"href":"https:\/\/www.l-plan.si\/es\/wp-json\/wp\/v2\/users\/7"}],"replies":[{"embeddable":true,"href":"https:\/\/www.l-plan.si\/es\/wp-json\/wp\/v2\/comments?post=4415"}],"version-history":[{"count":1,"href":"https:\/\/www.l-plan.si\/es\/wp-json\/wp\/v2\/pages\/4415\/revisions"}],"predecessor-version":[{"id":4416,"href":"https:\/\/www.l-plan.si\/es\/wp-json\/wp\/v2\/pages\/4415\/revisions\/4416"}],"wp:attachment":[{"href":"https:\/\/www.l-plan.si\/es\/wp-json\/wp\/v2\/media?parent=4415"}],"curies":[{"name":"wp","href":"https:\/\/api.w.org\/{rel}","templated":true}]}}