{"id":4423,"date":"2017-07-03T13:15:21","date_gmt":"2017-07-03T12:15:21","guid":{"rendered":"http:\/\/www.l-plan.si\/es\/?page_id=4423"},"modified":"2017-07-03T13:16:31","modified_gmt":"2017-07-03T12:16:31","slug":"comprobacion-de-control-neumatico-de-valvulas-de-seguridad-en-linea-csprs","status":"publish","type":"page","link":"https:\/\/www.l-plan.si\/es\/productos\/comprobacion-de-control-neumatico-de-valvulas-de-seguridad-en-linea-csprs\/","title":{"rendered":"Comprobaci\u00f3n de control neum\u00e1tico de v\u00e1lvulas de seguridad en l\u00ednea \u00abCSPRS\u00bb"},"content":{"rendered":"[vc_row][vc_column][vc_column_text]\n<p style=\"text-align: center;\"><strong>\u00a0<\/strong>Unidad de control neum\u00e1tica \u2013 para control de las v\u00e1lvulas de seguridad<\/p>\n<p style=\"text-align: center;\"><strong>Comprobaci\u00f3n de control neum\u00e1tico de v\u00e1lvulas de seguridad en l\u00ednea<\/strong><\/p>\n<p style=\"text-align: center;\">Por el dispositivo m\u00f3vil Legaline \u201cCSPRS\u201d de la empresa L-PLAN<\/p>\n<p style=\"text-align: center;\">.<\/p>\n[\/vc_column_text][\/vc_column][\/vc_row][vc_row][vc_column][vc_images_carousel images=\u00bb3442,3441&#8243; img_size=\u00bbfull\u00bb onclick=\u00bblink_no\u00bb autoplay=\u00bbyes\u00bb wrap=\u00bbyes\u00bb][\/vc_column][\/vc_row][vc_row][vc_column][vc_column_text]La combinaci\u00f3n de pistones neum\u00e1ticos de carga acoplados con las unidades de control neum\u00e1ticas es una de las maneras de cumplir con los requisitos de rendimiento aumentados en las v\u00e1lvulas de seguridad en aplicaciones cr\u00edticas que requieren una o varias de las siguientes caracter\u00edsticas operativas:<\/p>\n<ul>\n<li>Peque\u00f1a diferencia entre la presi\u00f3n de funcionamiento y la presi\u00f3n de apertura<\/li>\n<li>Mayores requisitos de estanqueidad<\/li>\n<li>Reducci\u00f3n de la hist\u00e9resis de apertura y reposici\u00f3n<\/li>\n<li>Golpe estable de la caracter\u00edstica<\/li>\n<li>Altas aplicaciones de presi\u00f3n de funcionamiento<\/li>\n<li>Altos vol\u00famenes de descarga<\/li>\n<li>Mayor seguridad a trav\u00e9s del uso de componentes redundantes<\/li>\n<\/ul>\n<p>Estos sistemas son ofrecidos por la mayor\u00eda de los principales proveedores de v\u00e1lvulas de seguridad. La producci\u00f3n est\u00e1 regulada por los estandares EN: EN ISO 4126-5; Dispositivos de seguridad para la protecci\u00f3n contra la presi\u00f3n excesiva \u2013 Parte 5: Sistemas de alivio de presi\u00f3n de seguridad controlados (CSPRS).<br \/>\nLa unidad de control funciona de acuerdo con el principio de circuito cerrado con el aire del medio externo. Las v\u00e1lvulas de seguridad correspondientes funcionan seg\u00fan el principio de alivio. La combinaci\u00f3n de los pistones neum\u00e1ticos de carga de las v\u00e1lvulas de seguridad acoplados con las unidades de control neum\u00e1ticas es una de las maneras de satisfacer los requisitos de mayor rendimiento de las v\u00e1lvulas de seguridad en aplicaciones cr\u00edticas.<\/p>\n<p>La unidad del dispositivo Legaline \u201cmodelo CSPRS\u201d est\u00e1 dise\u00f1ada especialmente para la comprobaci\u00f3n de v\u00e1lvulas de seguridad con unidades auxiliaries de control neum\u00e1tico adicionales, seg\u00fan EN ISO 4126-5: 2013; CSPRS \u2013 Sistemas de alivio de presi\u00f3n de seguridad controlados.<br \/>\nAl comienzo de la prueba se muestran tres \u201cman\u00f3metros\u201d en la pantalla del port\u00e1til, mostrando:<\/p>\n<p>\u2013 Presi\u00f3n en el matraz de nitr\u00f3geno<br \/>\n\u2013 Presi\u00f3n despu\u00e9s de la v\u00e1lvula de regulaci\u00f3n de HP (sistema)<br \/>\n\u2013 Presi\u00f3n despu\u00e9s de la v\u00e1lvula de regulaci\u00f3n de LP (neum\u00e1tica)<\/p>\n<p>&nbsp;<\/p>\n<p>Mientras que la prueba de la presi\u00f3n se realiza, la siguiente presi\u00f3n frente a los valores de tiempo (curvas) se muestran simult\u00e1neamente:<br \/>\n\u2013 Presi\u00f3n del sistema<br \/>\n\u2013 Presi\u00f3n del aire comprimido alimentado en la caja de control<br \/>\n\u2013 Presi\u00f3n del aire y la c\u00e1mara superior del piston neum\u00e1tico<br \/>\n\u2013 Presi\u00f3n del aire y la c\u00e1mara inferior del piston neum\u00e1tico<br \/>\n\u2013 Elevaci\u00f3n del husillo de la v\u00e1lvula de seguridad<br \/>\n\u2013 Se puede mostrar el fen\u00f3meno del sonido asociado con la apertura de la v\u00e1lvula de seguridad<\/p>\n<p>&nbsp;<\/p>\n<p>Los datos recogidos durante la prueba se registran y se muestran en forma de gr\u00e1ficos. A continuaci\u00f3n, los puntos caracter\u00edsticos en los gr\u00e1ficos se identifican y se basan en los valores registrados de la v\u00e1lvula y se calculan con los par\u00e1metros. Las pruebas se almacenan en una base de datos.<\/p>\n<p>Los datos ya digitalizados suministrados por varios sensores anal\u00f3gicos pueden ser procesados simult\u00e1neamente. El software del PC, dependiendo del m\u00e9todo de aplicaci\u00f3n deseado \/ m\u00e9todo de prueba elegido muestra los resultados como curvas o datos alfanum\u00e9ricos como necesario a lo siguiente:<br \/>\n\u2013 Realizar la prueba<br \/>\n\u2013 Imprimir el informe de prueba<br \/>\n\u2013 Establecer y registrar el historial del objetivo probado<\/p>\n<p>&nbsp;<\/p>\n<p>La empresa L-PLAN est\u00e1 aprobada por Bureau Veritas como el Organismo de Inspecci\u00f3n y Evaluaci\u00f3n de Conformidad tambi\u00e9n para CSPRS \u2013 prueba de v\u00e1lvulas de seguridad y unidad de control neum\u00e1tico.<\/p>\n<p>\u00c9nfasis en la alta precisi\u00f3n?<br \/>\nCon el dispositivo Legaline se tiene en cuenta las influencias ambientales. El rango de temperatura est\u00e1ndar de 0 \u00b0C a + 40 \u00b0C.<\/p>\n<ul>\n<li>EL CSPRS de Legaline est\u00e1 dise\u00f1ado seg\u00fan las normas EN ISO \/ IEC 17025, EN ISO \/ IEC 17020.<\/li>\n<li>C\u00e1lculo autom\u00e1tico de la incertidumbre de medici\u00f3n.<\/li>\n<li>La correci\u00f3n o la compensaci\u00f3n de las influencias ambientales.<\/li>\n<li>El sistema calcula autom\u00e1ticamente los criterios de aceptaci\u00f3n de conformidad con las normas.<\/li>\n<li>Se permite el historial de los resultados (la tendencia).<\/li>\n<\/ul>\n<p>.[\/vc_column_text][\/vc_column][\/vc_row][vc_row full_width=\u00bbstretch_row\u00bb content_placement=\u00bbmiddle\u00bb css=\u00bb.vc_custom_1477564398474{padding-bottom: 30px !important;background-color: #ffffff !important;}\u00bb el_class=\u00bbbackground-image-left\u00bb][vc_column][vc_custom_heading text=\u00bbNedavni produkti\u00bb use_theme_fonts=\u00bbyes\u00bb el_class=\u00bbtitle\u00bb css=\u00bb.vc_custom_1472639496138{margin-bottom: 60px !important;}\u00bb][vc_row_inner][vc_column_inner width=\u00bb1\/4&#8243;][vc_single_image image=\u00bb2960&#8243; img_size=\u00bbfull\u00bb alignment=\u00bbcenter\u00bb onclick=\u00bbcustom_link\u00bb link=\u00bbhttps:\/\/www.l-plan.si\/produkti\/atum-c\/\u00bb][\/vc_column_inner][vc_column_inner width=\u00bb1\/4&#8243;][vc_single_image image=\u00bb2951&#8243; img_size=\u00bbfull\u00bb alignment=\u00bbcenter\u00bb onclick=\u00bbcustom_link\u00bb link=\u00bbhttps:\/\/www.l-plan.si\/produkti\/zaviralnik\/\u00bb][\/vc_column_inner][vc_column_inner width=\u00bb1\/4&#8243;][vc_single_image image=\u00bb2959&#8243; img_size=\u00bbfull\u00bb alignment=\u00bbcenter\u00bb onclick=\u00bbcustom_link\u00bb link=\u00bbhttps:\/\/www.l-plan.si\/produkti\/atum-h\/\u00bb][\/vc_column_inner][vc_column_inner width=\u00bb1\/4&#8243;][vc_single_image image=\u00bb2964&#8243; img_size=\u00bbfull\u00bb alignment=\u00bbcenter\u00bb onclick=\u00bbcustom_link\u00bb link=\u00bbhttps:\/\/www.l-plan.si\/produkti\/mobilni-test-ventilov\/\u00bb][\/vc_column_inner][\/vc_row_inner][\/vc_column][\/vc_row][vc_row css=\u00bb.vc_custom_1479979978909{background-color: #3c3c3c !important;}\u00bb][vc_column][vc_custom_heading text=\u00bbNedavni projekti in novice\u00bb font_container=\u00bbtag:h2|text_align:left|color:%23ffffff\u00bb use_theme_fonts=\u00bbyes\u00bb el_class=\u00bbtitle\u00bb css=\u00bb.vc_custom_1480076794050{margin-bottom: 60px !important;}\u00bb][vc_basic_grid post_type=\u00bbpost\u00bb max_items=\u00bb3&#8243; item=\u00bb3808&#8243; grid_id=\u00bbvc_gid:1499084133970-6ab1e0a1-90a1-4&#8243;][\/vc_column][\/vc_row]\n","protected":false},"excerpt":{"rendered":"<p>[vc_row][vc_column][vc_column_text] \u00a0Unidad de control neum\u00e1tica \u2013 para control de las v\u00e1lvulas de seguridad Comprobaci\u00f3n de control neum\u00e1tico de v\u00e1lvulas de seguridad en l\u00ednea Por el dispositivo m\u00f3vil Legaline \u201cCSPRS\u201d de la empresa L-PLAN . [\/vc_column_text][\/vc_column][\/vc_row][vc_row][vc_column][vc_images_carousel images=\u00bb3442,3441&#8243; img_size=\u00bbfull\u00bb onclick=\u00bblink_no\u00bb autoplay=\u00bbyes\u00bb wrap=\u00bbyes\u00bb][\/vc_column][\/vc_row][vc_row][vc_column][vc_column_text]La &hellip;<\/p>\n","protected":false},"author":7,"featured_media":0,"parent":4415,"menu_order":0,"comment_status":"closed","ping_status":"closed","template":"","meta":{"footnotes":""},"aioseo_notices":[],"_links":{"self":[{"href":"https:\/\/www.l-plan.si\/es\/wp-json\/wp\/v2\/pages\/4423"}],"collection":[{"href":"https:\/\/www.l-plan.si\/es\/wp-json\/wp\/v2\/pages"}],"about":[{"href":"https:\/\/www.l-plan.si\/es\/wp-json\/wp\/v2\/types\/page"}],"author":[{"embeddable":true,"href":"https:\/\/www.l-plan.si\/es\/wp-json\/wp\/v2\/users\/7"}],"replies":[{"embeddable":true,"href":"https:\/\/www.l-plan.si\/es\/wp-json\/wp\/v2\/comments?post=4423"}],"version-history":[{"count":3,"href":"https:\/\/www.l-plan.si\/es\/wp-json\/wp\/v2\/pages\/4423\/revisions"}],"predecessor-version":[{"id":4425,"href":"https:\/\/www.l-plan.si\/es\/wp-json\/wp\/v2\/pages\/4423\/revisions\/4425"}],"up":[{"embeddable":true,"href":"https:\/\/www.l-plan.si\/es\/wp-json\/wp\/v2\/pages\/4415"}],"wp:attachment":[{"href":"https:\/\/www.l-plan.si\/es\/wp-json\/wp\/v2\/media?parent=4423"}],"curies":[{"name":"wp","href":"https:\/\/api.w.org\/{rel}","templated":true}]}}