{"id":4442,"date":"2017-07-03T14:31:50","date_gmt":"2017-07-03T13:31:50","guid":{"rendered":"http:\/\/www.l-plan.si\/es\/?page_id=4442"},"modified":"2017-07-03T14:32:37","modified_gmt":"2017-07-03T13:32:37","slug":"inspeccion-de-la-fuerza-de-presion-y-de-estanqueidad-comprobacion","status":"publish","type":"page","link":"https:\/\/www.l-plan.si\/es\/inspeccion-de-la-fuerza-de-presion-y-de-estanqueidad-comprobacion\/","title":{"rendered":"Inspecci\u00f3n de la fuerza de presi\u00f3n y de estanqueidad &#8211; comprobaci\u00f3n"},"content":{"rendered":"[vc_row][vc_column][vc_column_text]\n<p style=\"text-align: center;\"><strong>Inspecci\u00f3n y comprobaci\u00f3n de la estanqueidad y la fuerza de presi\u00f3n durante el funcionamiento<\/strong><\/p>\n<p style=\"text-align: center;\">Mediante el dispositivo Legaline de prueba de presi\u00f3n de la empresa L-PLAN<\/p>\n[\/vc_column_text][\/vc_column][\/vc_row][vc_row][vc_column][vc_single_image image=\u00bb2549&#8243; img_size=\u00bbfull\u00bb alignment=\u00bbcenter\u00bb][\/vc_column][\/vc_row][vc_row][vc_column][vc_column_text]<strong>\u00bfC\u00f3mo funciona la prueba de presi\u00f3n Legaline?<\/strong><\/p>\n<p>La prueba de la fuerza de presi\u00f3n y la estanqueidad se realiza en partes presurizadas de v\u00e1lvulas, recipientes de presi\u00f3n, generadores, tuber\u00edas, componentes de equipos a presi\u00f3n y todos los dem\u00e1s dispositivos que se someter\u00e1n a la prueba.<\/p>\n<p>La prueba se realiza \u201cen l\u00ednea\u201d, es decir durante el funcionamiento, con sensores de presi\u00f3n y temperatura montados en el Sistema de presi\u00f3n Legaline.<\/p>\n<p>La presi\u00f3n est\u00e1ndar de la cadena de medici\u00f3n es alta y estable bajo rango de temperatura entre 0 \u00b0C y hasta 45 \u00b0C.<\/p>\n<p>El Sistema de prueba de presi\u00f3n Legaline es ya utilizado por los organismos de inspecci\u00f3n y los laboratorios acreditaods y es basado en las normas EN ISO \/ IEC 17025, EN ISO \/ IEC 17020, con varias ventajas:<\/p>\n<ul>\n<li>C\u00e1lculo autom\u00e1tico de la incertidumbre de medici\u00f3n.<\/li>\n<li>Correcci\u00f3n o compensaci\u00f3n de las influencias ambientales.<\/li>\n<li>El sistema calcula autom\u00e1ticamente los criterios de aceptaci\u00f3n de conformidad con las normas.<\/li>\n<li>Funci\u00f3n de tendencia (el historial).<\/li>\n<li>Otros&#8230;<\/li>\n<\/ul>\n<p>La unidad entera con piezas se puede montar en una caja industrial fuerte, impermeable, resistente al aplastamiento y polvo, con ruedas.<\/p>\n<p>El m\u00e9todo de comprobaci\u00f3n por el dispositivo de prueba de presi\u00f3n de Legaline y la empresa L-PLAN como el Organismo de Inspecci\u00f3n y Evaluaci\u00f3n de Conformidad, son aprobados por:<\/p>\n<ul>\n<li>Instituto de Acreditaci\u00f3n de Eslovenia (basado en ILAC MRA \u2013 International Laboratory Accreditation Cooperation \u2013 Cooperaci\u00f3n Internacional de Acreditaci\u00f3n de Laboratorios).<\/li>\n<\/ul>\n[\/vc_column_text][\/vc_column][\/vc_row][vc_row][vc_column width=\u00bb1\/2&#8243;][vc_single_image image=\u00bb2550&#8243; img_size=\u00bbfull\u00bb alignment=\u00bbcenter\u00bb][\/vc_column][vc_column width=\u00bb1\/2&#8243;][vc_single_image image=\u00bb2551&#8243; img_size=\u00bbfull\u00bb alignment=\u00bbcenter\u00bb][\/vc_column][\/vc_row][vc_row content_placement=\u00bbmiddle\u00bb css=\u00bb.vc_custom_1480082528364{padding-bottom: 30px !important;background-color: #ffffff !important;}\u00bb el_class=\u00bbbackground-image-left\u00bb][vc_column][vc_custom_heading text=\u00bbRecent products\u00bb font_container=\u00bbtag:h2|text_align:left|color:%23000000&#8243; use_theme_fonts=\u00bbyes\u00bb el_class=\u00bbtitle\u00bb css=\u00bb.vc_custom_1480082669315{margin-bottom: 60px !important;}\u00bb][vc_row_inner][vc_column_inner width=\u00bb1\/4&#8243;][vc_single_image image=\u00bb2960&#8243; img_size=\u00bbfull\u00bb alignment=\u00bbcenter\u00bb onclick=\u00bbcustom_link\u00bb link=\u00bbhttps:\/\/www.l-plan.si\/en\/products\/atum-c\/\u00bb][\/vc_column_inner][vc_column_inner width=\u00bb1\/4&#8243;][vc_single_image image=\u00bb2959&#8243; img_size=\u00bbfull\u00bb alignment=\u00bbcenter\u00bb onclick=\u00bbcustom_link\u00bb link=\u00bbhttps:\/\/www.l-plan.si\/en\/products\/atum-h\/\u00bb][\/vc_column_inner][vc_column_inner width=\u00bb1\/4&#8243;][vc_single_image image=\u00bb2951&#8243; img_size=\u00bbfull\u00bb alignment=\u00bbcenter\u00bb onclick=\u00bbcustom_link\u00bb link=\u00bbhttps:\/\/www.l-plan.si\/en\/products\/zaviralnik\/\u00bb][\/vc_column_inner][vc_column_inner width=\u00bb1\/4&#8243;][vc_single_image image=\u00bb2964&#8243; img_size=\u00bbfull\u00bb alignment=\u00bbcenter\u00bb onclick=\u00bbcustom_link\u00bb link=\u00bbhttps:\/\/www.l-plan.si\/en\/products\/legaline-valve-test\/\u00bb][\/vc_column_inner][\/vc_row_inner][\/vc_column][\/vc_row][vc_row css=\u00bb.vc_custom_1479979967761{background-color: #3c3c3c !important;}\u00bb][vc_column][vc_custom_heading text=\u00bbRecent projects &amp; News\u00bb font_container=\u00bbtag:h2|text_align:left|color:%23ffffff\u00bb use_theme_fonts=\u00bbyes\u00bb el_class=\u00bbtitle\u00bb css=\u00bb.vc_custom_1480073477841{margin-bottom: 60px !important;}\u00bb][vc_basic_grid post_type=\u00bbpost\u00bb max_items=\u00bb3&#8243; item=\u00bb3808&#8243; grid_id=\u00bbvc_gid:1499088359204-17b099f3-eb2d-9&#8243;][\/vc_column][\/vc_row]\n","protected":false},"excerpt":{"rendered":"<p>[vc_row][vc_column][vc_column_text] Inspecci\u00f3n y comprobaci\u00f3n de la estanqueidad y la fuerza de presi\u00f3n durante el funcionamiento Mediante el dispositivo Legaline de prueba de presi\u00f3n de la empresa L-PLAN [\/vc_column_text][\/vc_column][\/vc_row][vc_row][vc_column][vc_single_image image=\u00bb2549&#8243; img_size=\u00bbfull\u00bb alignment=\u00bbcenter\u00bb][\/vc_column][\/vc_row][vc_row][vc_column][vc_column_text]\u00bfC\u00f3mo funciona la prueba de presi\u00f3n Legaline? La prueba de &hellip;<\/p>\n","protected":false},"author":7,"featured_media":0,"parent":0,"menu_order":0,"comment_status":"closed","ping_status":"closed","template":"","meta":{"footnotes":""},"aioseo_notices":[],"_links":{"self":[{"href":"https:\/\/www.l-plan.si\/es\/wp-json\/wp\/v2\/pages\/4442"}],"collection":[{"href":"https:\/\/www.l-plan.si\/es\/wp-json\/wp\/v2\/pages"}],"about":[{"href":"https:\/\/www.l-plan.si\/es\/wp-json\/wp\/v2\/types\/page"}],"author":[{"embeddable":true,"href":"https:\/\/www.l-plan.si\/es\/wp-json\/wp\/v2\/users\/7"}],"replies":[{"embeddable":true,"href":"https:\/\/www.l-plan.si\/es\/wp-json\/wp\/v2\/comments?post=4442"}],"version-history":[{"count":1,"href":"https:\/\/www.l-plan.si\/es\/wp-json\/wp\/v2\/pages\/4442\/revisions"}],"predecessor-version":[{"id":4443,"href":"https:\/\/www.l-plan.si\/es\/wp-json\/wp\/v2\/pages\/4442\/revisions\/4443"}],"wp:attachment":[{"href":"https:\/\/www.l-plan.si\/es\/wp-json\/wp\/v2\/media?parent=4442"}],"curies":[{"name":"wp","href":"https:\/\/api.w.org\/{rel}","templated":true}]}}