{"id":4444,"date":"2017-07-03T14:44:52","date_gmt":"2017-07-03T13:44:52","guid":{"rendered":"http:\/\/www.l-plan.si\/es\/?page_id=4444"},"modified":"2017-07-03T14:48:25","modified_gmt":"2017-07-03T13:48:25","slug":"referencias","status":"publish","type":"page","link":"https:\/\/www.l-plan.si\/es\/referencias\/","title":{"rendered":"Referencias"},"content":{"rendered":"[vc_row][vc_column][vc_column_text]La empresa L-PLAN es aprobada y acreditada como Organismo de Inspecci\u00f3n y Evaluaci\u00f3n de Conformidad K072 para los equipos a presi\u00f3n:<\/p>\n<ul>\n<li>Equipos a presi\u00f3n encendidos o calentados (generadores de vapor, reactores de proceso, esterilizadores)<\/li>\n<li>Tanques de presi\u00f3n (de aire, nitr\u00f3geno, GLP, gas natural, gas natural licuado, CRYO, agua caliente, vapor, intercambiadores de calor)<\/li>\n<li>Las tuber\u00edas<\/li>\n<li>Las v\u00e1lvulas de seguridad<\/li>\n<li>Los accesorios de presi\u00f3n (man\u00f3metros y sensores)<\/li>\n<\/ul>\n[\/vc_column_text][\/vc_column][\/vc_row][vc_row css=\u00bb.vc_custom_1478182577407{margin-bottom: -35px !important;}\u00bb][vc_column width=\u00bb1\/6&#8243;][vc_single_image image=\u00bb2848&#8243; img_size=\u00bbfull\u00bb add_caption=\u00bbyes\u00bb alignment=\u00bbcenter\u00bb][\/vc_column][vc_column width=\u00bb5\/6&#8243;][vc_column_text]M\u00e1s de 300 contratos con los usuarios de equipos a presi\u00f3n, basados en la evaluaci\u00f3n de conformidad y servicios de inspecci\u00f3n.<\/p>\n<p>Mantenimiento peri\u00f3dico e inspecci\u00f3n de v\u00e1lvulas en la secci\u00f3n primaria de la Central nuclear de Kr\u0161ko.<\/p>\n<p>Usuarios de los dispositivos de comprobaci\u00f3n de la \u201cserie Legaline\u201d:<\/p>\n<p>CENTRAL NUCLEAR (S, LL), Energetika Ljubljana (S, LL), Facultad de Ingenier\u00eda Mec\u00e1nica (LL), NOVARTIS-LEK Lendava (LL), Nafta Petrol Lendava (LL), Central el\u00e9ctrica Trbovlje (LL), Linde plin Celje (LL), ZVD Ljubljana (LL), Ferrocarriles Eslovenos (LL), Kova (LL), Herz (LL), Cinkarna Celje (LL); L-PLAN (LL, LT).<\/p>\n<p>lplan[\/vc_column_text][\/vc_column][\/vc_row][vc_row css=\u00bb.vc_custom_1478182608607{margin-top: -20px !important;margin-bottom: -20px !important;padding-top: -20px !important;padding-bottom: -20px !important;}\u00bb][vc_column width=\u00bb1\/6&#8243; css=\u00bb.vc_custom_1478182704635{margin-top: -30px !important;}\u00bb][vc_single_image image=\u00bb2849&#8243; img_size=\u00bb42 x 25&#8243; add_caption=\u00bbyes\u00bb alignment=\u00bbcenter\u00bb][\/vc_column][vc_column width=\u00bb5\/6&#8243; css=\u00bb.vc_custom_1478182756926{margin-top: -30px !important;}\u00bb][vc_column_text]Refinery BOREALIS (S), CHEMSERV (LT), VOESTALPINE Group (LT), LENZING Technik (LL, LT), VALVESERV (LL, LT)<\/p>\n<p>lplan[\/vc_column_text][\/vc_column][\/vc_row][vc_row][vc_column width=\u00bb1\/6&#8243; css=\u00bb.vc_custom_1478182713010{margin-top: -30px !important;}\u00bb][vc_single_image image=\u00bb2850&#8243; img_size=\u00bb42 x 25&#8243; add_caption=\u00bbyes\u00bb alignment=\u00bbcenter\u00bb][\/vc_column][vc_column width=\u00bb5\/6&#8243; css=\u00bb.vc_custom_1478182747953{margin-top: -30px !important;}\u00bb][vc_column_text]FURMANITE Belgium (S)<\/p>\n<p>lplan[\/vc_column_text][\/vc_column][\/vc_row][vc_row][vc_column width=\u00bb1\/6&#8243; css=\u00bb.vc_custom_1478182725571{margin-top: -30px !important;}\u00bb][vc_single_image image=\u00bb2851&#8243; img_size=\u00bb42 x 25&#8243; add_caption=\u00bbyes\u00bb alignment=\u00bbcenter\u00bb][\/vc_column][vc_column width=\u00bb5\/6&#8243; css=\u00bb.vc_custom_1478182743556{margin-top: -30px !important;}\u00bb][vc_column_text]Power Plant Kakanj (S), Power Plant Zenica (S), Power plant Natron-Hayat Maglaj (S), Arcelor Mittal Zenica (S)<\/p>\n<p>EFCO NAT (LT)<\/p>\n<p>lplan[\/vc_column_text][\/vc_column][\/vc_row][vc_row][vc_column width=\u00bb1\/6&#8243; css=\u00bb.vc_custom_1478182718988{margin-top: -30px !important;}\u00bb][vc_single_image image=\u00bb2852&#8243; img_size=\u00bb42 x 25&#8243; add_caption=\u00bbyes\u00bb alignment=\u00bbcenter\u00bb][\/vc_column][vc_column width=\u00bb5\/6&#8243; css=\u00bb.vc_custom_1478182738243{margin-top: -30px !important;}\u00bb][vc_column_text]Baosteel Shanghai (SP), Guangxi Special Equipment Supervision and Inspection Institute (LT), Shangdong Chemical (LT), Quangxi Huayin Aluminium Company (LT), China Sichuan YiBin Power Plant turbine Professional company (LT)<\/p>\n<p>lplan[\/vc_column_text][\/vc_column][\/vc_row][vc_row][vc_column width=\u00bb1\/6&#8243; css=\u00bb.vc_custom_1478182718988{margin-top: -30px !important;}\u00bb][vc_single_image image=\u00bb2853&#8243; img_size=\u00bb42 x 25&#8243; add_caption=\u00bbyes\u00bb alignment=\u00bbcenter\u00bb][\/vc_column][vc_column width=\u00bb5\/6&#8243; css=\u00bb.vc_custom_1478182738243{margin-top: -30px !important;}\u00bb][vc_column_text]Power Plant Plomin (S); Power Plant Osijek (S); Cogeneration Viridas Biomass (S), Sugar Factory Virovitica (S)<br \/>\nSpecialisti\u010dki Servisi (LL, LT), FRIGOMOTORS (LL), INSPECT (LL), MARUS (LL), STS Plini (LL), Armatura Servis (LT)<\/p>\n<p>lplan[\/vc_column_text][\/vc_column][\/vc_row][vc_row][vc_column width=\u00bb1\/6&#8243; css=\u00bb.vc_custom_1478182718988{margin-top: -30px !important;}\u00bb][vc_single_image image=\u00bb3147&#8243; img_size=\u00bb42 x 25&#8243; add_caption=\u00bbyes\u00bb alignment=\u00bbcenter\u00bb][\/vc_column][vc_column width=\u00bb5\/6&#8243; css=\u00bb.vc_custom_1478182738243{margin-top: -30px !important;}\u00bb][vc_column_text]JS Oy Pietarsaari (LL, LT), ARMATEK Oy (LT), SAH-KO Oy (LT)<\/p>\n<p>lplan[\/vc_column_text][\/vc_column][\/vc_row][vc_row][vc_column width=\u00bb1\/6&#8243; css=\u00bb.vc_custom_1478182718988{margin-top: -30px !important;}\u00bb][vc_single_image image=\u00bb2854&#8243; img_size=\u00bb42 x 25&#8243; add_caption=\u00bbyes\u00bb alignment=\u00bbcenter\u00bb][\/vc_column][vc_column width=\u00bb5\/6&#8243; css=\u00bb.vc_custom_1478182738243{margin-top: -30px !important;}\u00bb][vc_column_text]SOLVAY Chemicals (SP), AFMR (LT), ACTEMIUM (LT), SMRI (LT)<\/p>\n<p>lplan[\/vc_column_text][\/vc_column][\/vc_row][vc_row][vc_column width=\u00bb1\/6&#8243; css=\u00bb.vc_custom_1478182718988{margin-top: -30px !important;}\u00bb][vc_single_image image=\u00bb2855&#8243; img_size=\u00bb42 x 25&#8243; add_caption=\u00bbyes\u00bb alignment=\u00bbcenter\u00bb][\/vc_column][vc_column width=\u00bb5\/6&#8243; css=\u00bb.vc_custom_1478182738243{margin-top: -30px !important;}\u00bb][vc_column_text]\n<p>TOTAL Raffinerie Mitteldeutschland GmbH (S), ADM \u00d6lwerke Spyck (S), Power Plant Jenschwalde\u00a0 (S), Power plan Vattenfall Moorburg\u00a0 (S), Thermal Power KW Moorburg (S), EVONIK R\u00f6hm (S), Stadtwerke Duisburg, Germany, Hydratight\u00a0 (S), VW Kraftwerk Wolfsburg\u00a0 (S), Ava Velsen Sarbr\u00fccken\u00a0 (S), , KSB service (SP), Zikesch Armaturen (S)<\/p>\n<p>FURMANITE (LL), THYSSEN \u2013 KRUPP (LL), THYSEEN XERVON (LL), MOPA industriearmaturen (LL), UNIGRIND (LL), EVONIK industries (LL)<\/p>\n<p>BMS (LT), ARI Einstelldienst (LT), Beyer Sicherheitsventil (LT), L-plan Service (LL, LT); Zikesch Armaturentechnik (LT), Armaturen M.Shuster (LT), SWB Erzegung (LT), Armaturtechnick Bardenhagen Maschinenbau (LT)<\/p>\n<p>lplan<\/p>\n[\/vc_column_text][\/vc_column][\/vc_row][vc_row][vc_column width=\u00bb1\/6&#8243; css=\u00bb.vc_custom_1478182718988{margin-top: -30px !important;}\u00bb][vc_single_image image=\u00bb2856&#8243; img_size=\u00bb42 x 25&#8243; add_caption=\u00bbyes\u00bb alignment=\u00bbcenter\u00bb][\/vc_column][vc_column width=\u00bb5\/6&#8243; css=\u00bb.vc_custom_1478182738243{margin-top: -30px !important;}\u00bb][vc_column_text]Power Plant SES Kardia (S)<\/p>\n<p>lplan[\/vc_column_text][\/vc_column][\/vc_row][vc_row][vc_column width=\u00bb1\/6&#8243; css=\u00bb.vc_custom_1478182718988{margin-top: -30px !important;}\u00bb][vc_single_image image=\u00bb2857&#8243; img_size=\u00bb42 x 25&#8243; add_caption=\u00bbyes\u00bb alignment=\u00bbcenter\u00bb][\/vc_column][vc_column width=\u00bb5\/6&#8243; css=\u00bb.vc_custom_1478182738243{margin-top: -30px !important;}\u00bb][vc_column_text]\n<p>RELIANCE Refinery Jamnagar (S)<\/p>\n<p>EFCO India (LT), Leak Stop Eksperts (LT), Tech Services (LT)<\/p>\n<p>lplan<\/p>\n[\/vc_column_text][\/vc_column][\/vc_row][vc_row][vc_column width=\u00bb1\/6&#8243; css=\u00bb.vc_custom_1478182718988{margin-top: -30px !important;}\u00bb][vc_single_image image=\u00bb2858&#8243; img_size=\u00bb42 x 25&#8243; add_caption=\u00bbyes\u00bb alignment=\u00bbcenter\u00bb][\/vc_column][vc_column width=\u00bb5\/6&#8243; css=\u00bb.vc_custom_1478182738243{margin-top: -30px !important;}\u00bb][vc_column_text]IWTT (LT), API (LT)<\/p>\n<p>lplan[\/vc_column_text][\/vc_column][\/vc_row][vc_row][vc_column width=\u00bb1\/6&#8243; css=\u00bb.vc_custom_1478182718988{margin-top: -30px !important;}\u00bb][vc_single_image image=\u00bb2859&#8243; img_size=\u00bb42 x 25&#8243; add_caption=\u00bbyes\u00bb alignment=\u00bbcenter\u00bb][\/vc_column][vc_column width=\u00bb5\/6&#8243; css=\u00bb.vc_custom_1478182738243{margin-top: -30px !important;}\u00bb][vc_column_text]WYETH Pharma (SP), BRISTOL-MYERS Squibh\u00a0 (SP), ESI Technologies (SP)<\/p>\n<p>lplan[\/vc_column_text][\/vc_column][\/vc_row][vc_row][vc_column width=\u00bb1\/6&#8243; css=\u00bb.vc_custom_1478182718988{margin-top: -30px !important;}\u00bb][vc_single_image image=\u00bb2860&#8243; img_size=\u00bb42 x 25&#8243; add_caption=\u00bbyes\u00bb alignment=\u00bbcenter\u00bb][\/vc_column][vc_column width=\u00bb5\/6&#8243; css=\u00bb.vc_custom_1478182738243{margin-top: -30px !important;}\u00bb][vc_column_text]EDISON Power plant (SP), CO.L.MEC S.r.l (LT), INNOVISTECH &#8211; BD Wordwide (LT)<\/p>\n<p>lplan[\/vc_column_text][\/vc_column][\/vc_row][vc_row][vc_column width=\u00bb1\/6&#8243; css=\u00bb.vc_custom_1478182718988{margin-top: -30px !important;}\u00bb][vc_single_image image=\u00bb2861&#8243; img_size=\u00bb42 x 25&#8243; add_caption=\u00bbyes\u00bb alignment=\u00bbcenter\u00bb][\/vc_column][vc_column width=\u00bb5\/6&#8243; css=\u00bb.vc_custom_1478182738243{margin-top: -30px !important;}\u00bb][vc_column_text]\n<p>SABIC (SP), AL MASHRIGG GROUP (LT); GULF INDUSTRIES Company (LT), NAL GULF INUDSTRIAL SUPPORT SERVICES (LT)<\/p>\n<p>lplan<\/p>\n[\/vc_column_text][\/vc_column][\/vc_row][vc_row][vc_column width=\u00bb1\/6&#8243; css=\u00bb.vc_custom_1478182718988{margin-top: -30px !important;}\u00bb][vc_single_image image=\u00bb2862&#8243; img_size=\u00bb42 x 25&#8243; add_caption=\u00bbyes\u00bb alignment=\u00bbcenter\u00bb][\/vc_column][vc_column width=\u00bb5\/6&#8243; css=\u00bb.vc_custom_1478182738243{margin-top: -30px !important;}\u00bb][vc_column_text]KOC Kuwait Oil Company (SP), EQUATE PETROCHEMICALS (SP), MINISTRY of Electricity\u00a0and Water \u00a0&#8211; Main Power Plant &#8211; Mew, Doha West (SP),\u00a0Kuwait INSTITUTE for Scientific \/ Research\u00a0 (SP), P I C\u00a0 &#8211; Petro Chemical Industries Company (SP), K N P C Kuwait National Petroleum Company (SP)<\/p>\n<p>lplan[\/vc_column_text][\/vc_column][\/vc_row][vc_row][vc_column width=\u00bb1\/6&#8243; css=\u00bb.vc_custom_1478182718988{margin-top: -30px !important;}\u00bb][vc_single_image image=\u00bb2863&#8243; img_size=\u00bb42 x 25&#8243; add_caption=\u00bbyes\u00bb alignment=\u00bbcenter\u00bb][\/vc_column][vc_column width=\u00bb5\/6&#8243; css=\u00bb.vc_custom_1478182738243{margin-top: -30px !important;}\u00bb][vc_column_text]ZAWIA Combined Cycle Power Plant (S); WAFA Desert Plant (S), Mellitah Oil &amp; Gas B.V (S), General Electricity Co. (SP), BENGAZI Nort Combined Cycle Power Plant (SP), INTECH (LL, LT)<\/p>\n<p>lplan[\/vc_column_text][\/vc_column][\/vc_row][vc_row][vc_column width=\u00bb1\/6&#8243; css=\u00bb.vc_custom_1478182718988{margin-top: -30px !important;}\u00bb][vc_single_image image=\u00bb2864&#8243; img_size=\u00bb42 x 25&#8243; add_caption=\u00bbyes\u00bb alignment=\u00bbcenter\u00bb][\/vc_column][vc_column width=\u00bb5\/6&#8243; css=\u00bb.vc_custom_1478182738243{margin-top: -30px !important;}\u00bb][vc_column_text]GDF Suez Energie (S), FURMANITE (S), NUON power generation (S)<\/p>\n<p>lplan[\/vc_column_text][\/vc_column][\/vc_row][vc_row][vc_column width=\u00bb1\/6&#8243; css=\u00bb.vc_custom_1478182718988{margin-top: -30px !important;}\u00bb][vc_single_image image=\u00bb3155&#8243; img_size=\u00bb42 x 25&#8243; add_caption=\u00bbyes\u00bb alignment=\u00bbcenter\u00bb][\/vc_column][vc_column width=\u00bb5\/6&#8243; css=\u00bb.vc_custom_1478182738243{margin-top: -30px !important;}\u00bb][vc_column_text]STATOIL (LL)<\/p>\n<p>lplan[\/vc_column_text][\/vc_column][\/vc_row][vc_row][vc_column width=\u00bb1\/6&#8243; css=\u00bb.vc_custom_1478182718988{margin-top: -30px !important;}\u00bb][vc_single_image image=\u00bb3157&#8243; img_size=\u00bb42 x 25&#8243; add_caption=\u00bbyes\u00bb alignment=\u00bbcenter\u00bb][\/vc_column][vc_column width=\u00bb5\/6&#8243; css=\u00bb.vc_custom_1478182738243{margin-top: -30px !important;}\u00bb][vc_column_text]KENT German Global (LT)<\/p>\n<p>lplan[\/vc_column_text][\/vc_column][\/vc_row][vc_row][vc_column width=\u00bb1\/6&#8243; css=\u00bb.vc_custom_1478182718988{margin-top: -30px !important;}\u00bb][vc_single_image image=\u00bb2865&#8243; img_size=\u00bb42 x 25&#8243; add_caption=\u00bbyes\u00bb alignment=\u00bbcenter\u00bb][\/vc_column][vc_column width=\u00bb5\/6&#8243; css=\u00bb.vc_custom_1478182738243{margin-top: -30px !important;}\u00bb][vc_column_text]Oman Refinery Co. Ruwi (SP), AES Barka (SP), Oman GAS Company (SP), Daleel Petroleum L.L C. (SP), Daleel Oilfield (SP), PDO &#8211; Petroleum Development Oman \/ Headquaters (SP)<\/p>\n<p>lplan[\/vc_column_text][\/vc_column][\/vc_row][vc_row][vc_column width=\u00bb1\/6&#8243; css=\u00bb.vc_custom_1478182718988{margin-top: -30px !important;}\u00bb][vc_single_image image=\u00bb2866&#8243; img_size=\u00bb42 x 25&#8243; add_caption=\u00bbyes\u00bb alignment=\u00bbcenter\u00bb][\/vc_column][vc_column width=\u00bb5\/6&#8243; css=\u00bb.vc_custom_1478182738243{margin-top: -30px !important;}\u00bb][vc_column_text]FMCS (SP)<\/p>\n<p>lplan[\/vc_column_text][\/vc_column][\/vc_row][vc_row][vc_column width=\u00bb1\/6&#8243; css=\u00bb.vc_custom_1478182718988{margin-top: -30px !important;}\u00bb][vc_single_image image=\u00bb2869&#8243; img_size=\u00bb42 x 25&#8243; add_caption=\u00bbyes\u00bb alignment=\u00bbcenter\u00bb][\/vc_column][vc_column width=\u00bb5\/6&#8243; css=\u00bb.vc_custom_1478182738243{margin-top: -30px !important;}\u00bb][vc_column_text]Thermal power plant Kosovo A Obili\u0107 (S)<\/p>\n<p>lplan[\/vc_column_text][\/vc_column][\/vc_row][vc_row][vc_column width=\u00bb1\/6&#8243; css=\u00bb.vc_custom_1478182718988{margin-top: -30px !important;}\u00bb][vc_single_image image=\u00bb3163&#8243; img_size=\u00bb42 x 25&#8243; add_caption=\u00bbyes\u00bb alignment=\u00bbcenter\u00bb][\/vc_column][vc_column width=\u00bb5\/6&#8243; css=\u00bb.vc_custom_1478182738243{margin-top: -30px !important;}\u00bb][vc_column_text]AMCM (LL)<\/p>\n<p>lplan[\/vc_column_text][\/vc_column][\/vc_row][vc_row][vc_column width=\u00bb1\/6&#8243; css=\u00bb.vc_custom_1478182718988{margin-top: -30px !important;}\u00bb][vc_single_image image=\u00bb3165&#8243; img_size=\u00bb42 x 25&#8243; add_caption=\u00bbyes\u00bb alignment=\u00bbcenter\u00bb][\/vc_column][vc_column width=\u00bb5\/6&#8243; css=\u00bb.vc_custom_1478182738243{margin-top: -30px !important;}\u00bb][vc_column_text]LUKOIL (LL); THK BP-British Petrol (LL), Sia Rosta Engineering (LL),\u00a0 INTRA TOOL Service (LL)<\/p>\n<p>lplan[\/vc_column_text][\/vc_column][\/vc_row][vc_row][vc_column width=\u00bb1\/6&#8243; css=\u00bb.vc_custom_1478182718988{margin-top: -30px !important;}\u00bb][vc_single_image image=\u00bb2867&#8243; img_size=\u00bb42 x 25&#8243; add_caption=\u00bbyes\u00bb alignment=\u00bbcenter\u00bb][\/vc_column][vc_column width=\u00bb5\/6&#8243; css=\u00bb.vc_custom_1478182738243{margin-top: -30px !important;}\u00bb][vc_column_text]ROMPETROL Petromedia Refinery (S),\u00a0SC Termodinamic (LL), SAFETY PRO Valve (LT)<\/p>\n<p>lplan[\/vc_column_text][\/vc_column][\/vc_row][vc_row][vc_column width=\u00bb1\/6&#8243; css=\u00bb.vc_custom_1478182718988{margin-top: -30px !important;}\u00bb][vc_single_image image=\u00bb2868&#8243; img_size=\u00bb42 x 25&#8243; add_caption=\u00bbyes\u00bb alignment=\u00bbcenter\u00bb][\/vc_column][vc_column width=\u00bb5\/6&#8243; css=\u00bb.vc_custom_1478182738243{margin-top: -30px !important;}\u00bb][vc_column_text]Power Plant Obrenovac (S), ICI Industry Engineering (LT)<\/p>\n<p>lplan[\/vc_column_text][\/vc_column][\/vc_row][vc_row][vc_column width=\u00bb1\/6&#8243; css=\u00bb.vc_custom_1478182718988{margin-top: -30px !important;}\u00bb][vc_single_image image=\u00bb3167&#8243; img_size=\u00bb42 x 25&#8243; add_caption=\u00bbyes\u00bb alignment=\u00bbcenter\u00bb][\/vc_column][vc_column width=\u00bb5\/6&#8243; css=\u00bb.vc_custom_1478182738243{margin-top: -30px !important;}\u00bb][vc_column_text]MIESA &#8211; Montajes Industriales eos (LT), CALDERERIAS Indalicas Almeria (LT)<\/p>\n<p>lplan[\/vc_column_text][\/vc_column][\/vc_row][vc_row][vc_column width=\u00bb1\/6&#8243; css=\u00bb.vc_custom_1478182718988{margin-top: -30px !important;}\u00bb][vc_single_image image=\u00bb3169&#8243; img_size=\u00bb42 x 25&#8243; add_caption=\u00bbyes\u00bb alignment=\u00bbcenter\u00bb][\/vc_column][vc_column width=\u00bb5\/6&#8243; css=\u00bb.vc_custom_1478182738243{margin-top: -30px !important;}\u00bb][vc_column_text]SURALCO ALCOA (LT)<\/p>\n<p>lplan[\/vc_column_text][\/vc_column][\/vc_row][vc_row][vc_column width=\u00bb1\/6&#8243; css=\u00bb.vc_custom_1478182718988{margin-top: -30px !important;}\u00bb][vc_single_image image=\u00bb3170&#8243; img_size=\u00bb42 x 25&#8243; add_caption=\u00bbyes\u00bb alignment=\u00bbcenter\u00bb][\/vc_column][vc_column width=\u00bb5\/6&#8243; css=\u00bb.vc_custom_1478182738243{margin-top: -30px !important;}\u00bb][vc_column_text]FJARRTEK i Norr AB (LT)<\/p>\n<p>lplan[\/vc_column_text][\/vc_column][\/vc_row][vc_row][vc_column width=\u00bb1\/6&#8243; css=\u00bb.vc_custom_1478182718988{margin-top: -30px !important;}\u00bb][vc_single_image image=\u00bb3172&#8243; img_size=\u00bb42 x 25&#8243; add_caption=\u00bbyes\u00bb alignment=\u00bbcenter\u00bb][\/vc_column][vc_column width=\u00bb5\/6&#8243; css=\u00bb.vc_custom_1478182738243{margin-top: -30px !important;}\u00bb][vc_column_text]WISAG (LL),\u00a0 NOVA SWISS (LT)<\/p>\n<p>lplan[\/vc_column_text][\/vc_column][\/vc_row][vc_row][vc_column width=\u00bb1\/6&#8243; css=\u00bb.vc_custom_1478182718988{margin-top: -30px !important;}\u00bb][vc_single_image image=\u00bb3173&#8243; img_size=\u00bb42 x 25&#8243; add_caption=\u00bbyes\u00bb alignment=\u00bbcenter\u00bb][\/vc_column][vc_column width=\u00bb5\/6&#8243; css=\u00bb.vc_custom_1478182738243{margin-top: -30px !important;}\u00bb][vc_column_text]MASTER PACK Asia (LT)<\/p>\n<p>lplan[\/vc_column_text][\/vc_column][\/vc_row][vc_row][vc_column width=\u00bb1\/6&#8243; css=\u00bb.vc_custom_1478182718988{margin-top: -30px !important;}\u00bb][vc_single_image image=\u00bb3174&#8243; img_size=\u00bb42 x 25&#8243; add_caption=\u00bbyes\u00bb alignment=\u00bbcenter\u00bb][\/vc_column][vc_column width=\u00bb5\/6&#8243; css=\u00bb.vc_custom_1478182738243{margin-top: -30px !important;}\u00bb][vc_column_text]IMC Metrologie (LT)<\/p>\n<p>lplan[\/vc_column_text][\/vc_column][\/vc_row][vc_row][vc_column width=\u00bb1\/6&#8243; css=\u00bb.vc_custom_1478182718988{margin-top: -30px !important;}\u00bb][vc_single_image image=\u00bb3177&#8243; img_size=\u00bb42 x 25&#8243; add_caption=\u00bbyes\u00bb alignment=\u00bbcenter\u00bb][\/vc_column][vc_column width=\u00bb5\/6&#8243; css=\u00bb.vc_custom_1478182738243{margin-top: -30px !important;}\u00bb][vc_column_text]UKRSPECGAS (LL)<\/p>\n<p>lplan[\/vc_column_text][\/vc_column][\/vc_row][vc_row][vc_column width=\u00bb1\/6&#8243; css=\u00bb.vc_custom_1478182718988{margin-top: -30px !important;}\u00bb][vc_single_image image=\u00bb3176&#8243; img_size=\u00bb42 x 25&#8243; add_caption=\u00bbyes\u00bb alignment=\u00bbcenter\u00bb][\/vc_column][vc_column width=\u00bb5\/6&#8243; css=\u00bb.vc_custom_1478182738243{margin-top: -30px !important;}\u00bb][vc_column_text]BAR Testing Technology (LL, LT), SUNPOWER (LT)<\/p>\n<p>lplan[\/vc_column_text][\/vc_column][\/vc_row][vc_row][vc_column css=\u00bb.vc_custom_1478182718988{margin-top: -30px !important;}\u00bb][vc_column_text]\n<ul>\n<li>(S) &#8211; Servicios<\/li>\n<li>(SP ) &#8211; Promoci\u00f3n de servicios<\/li>\n<li>(LL) &#8211; Productos de la \u201cserie Legaline\u00bb<\/li>\n<li>(LT) &#8211; Legatest<\/li>\n<\/ul>\n[\/vc_column_text][\/vc_column][\/vc_row]\n","protected":false},"excerpt":{"rendered":"<p>[vc_row][vc_column][vc_column_text]La empresa L-PLAN es aprobada y acreditada como Organismo de Inspecci\u00f3n y Evaluaci\u00f3n de Conformidad K072 para los equipos a presi\u00f3n: Equipos a presi\u00f3n encendidos o calentados (generadores de vapor, reactores de proceso, esterilizadores) Tanques de presi\u00f3n (de aire, nitr\u00f3geno, &hellip;<\/p>\n","protected":false},"author":7,"featured_media":0,"parent":0,"menu_order":0,"comment_status":"closed","ping_status":"closed","template":"","meta":{"footnotes":""},"aioseo_notices":[],"_links":{"self":[{"href":"https:\/\/www.l-plan.si\/es\/wp-json\/wp\/v2\/pages\/4444"}],"collection":[{"href":"https:\/\/www.l-plan.si\/es\/wp-json\/wp\/v2\/pages"}],"about":[{"href":"https:\/\/www.l-plan.si\/es\/wp-json\/wp\/v2\/types\/page"}],"author":[{"embeddable":true,"href":"https:\/\/www.l-plan.si\/es\/wp-json\/wp\/v2\/users\/7"}],"replies":[{"embeddable":true,"href":"https:\/\/www.l-plan.si\/es\/wp-json\/wp\/v2\/comments?post=4444"}],"version-history":[{"count":1,"href":"https:\/\/www.l-plan.si\/es\/wp-json\/wp\/v2\/pages\/4444\/revisions"}],"predecessor-version":[{"id":4445,"href":"https:\/\/www.l-plan.si\/es\/wp-json\/wp\/v2\/pages\/4444\/revisions\/4445"}],"wp:attachment":[{"href":"https:\/\/www.l-plan.si\/es\/wp-json\/wp\/v2\/media?parent=4444"}],"curies":[{"name":"wp","href":"https:\/\/api.w.org\/{rel}","templated":true}]}}